{"id":793,"date":"2023-04-16T19:26:37","date_gmt":"2023-04-16T17:26:37","guid":{"rendered":"http:\/\/wp2023.waytoharmony.de\/Home\/?page_id=793"},"modified":"2025-03-17T18:54:03","modified_gmt":"2025-03-17T17:54:03","slug":"seminar-feng-shui-workshops","status":"publish","type":"page","link":"https:\/\/wp2023.waytoharmony.de\/Home\/seminar-feng-shui-workshops\/","title":{"rendered":"Seminar &#8211; Feng Shui Workshops"},"content":{"rendered":"\t\t<div data-elementor-type=\"wp-page\" data-elementor-id=\"793\" class=\"elementor elementor-793\">\n\t\t\t\t\t\t<section class=\"elementor-section elementor-top-section elementor-element elementor-element-9c09f99 elementor-section-full_width elementor-section-height-default elementor-section-height-default\" data-id=\"9c09f99\" data-element_type=\"section\" data-e-type=\"section\">\n\t\t\t\t\t\t<div class=\"elementor-container elementor-column-gap-default\">\n\t\t\t\t\t<div class=\"elementor-column elementor-col-100 elementor-top-column elementor-element elementor-element-5f596b3\" data-id=\"5f596b3\" data-element_type=\"column\" data-e-type=\"column\">\n\t\t\t<div class=\"elementor-widget-wrap elementor-element-populated\">\n\t\t\t\t\t\t<div class=\"elementor-element elementor-element-a1b906c elementor-widget elementor-widget-image\" data-id=\"a1b906c\" data-element_type=\"widget\" data-e-type=\"widget\" data-widget_type=\"image.default\">\n\t\t\t\t<div class=\"elementor-widget-container\">\n\t\t\t\t\t\t\t\t\t\t\t\t\t\t\t<img fetchpriority=\"high\" decoding=\"async\" width=\"2048\" height=\"344\" src=\"https:\/\/wp2023.waytoharmony.de\/wp-content\/uploads\/2025\/03\/Seminare-2048x344.png\" class=\"attachment-2048x2048 size-2048x2048 wp-image-2489\" alt=\"\" srcset=\"https:\/\/wp2023.waytoharmony.de\/wp-content\/uploads\/2025\/03\/Seminare-2048x344.png 2048w, https:\/\/wp2023.waytoharmony.de\/wp-content\/uploads\/2025\/03\/Seminare-300x50.png 300w, https:\/\/wp2023.waytoharmony.de\/wp-content\/uploads\/2025\/03\/Seminare-1024x172.png 1024w, https:\/\/wp2023.waytoharmony.de\/wp-content\/uploads\/2025\/03\/Seminare-768x129.png 768w, https:\/\/wp2023.waytoharmony.de\/wp-content\/uploads\/2025\/03\/Seminare-1536x258.png 1536w\" sizes=\"(max-width: 2048px) 100vw, 2048px\" \/>\t\t\t\t\t\t\t\t\t\t\t\t\t\t\t<\/div>\n\t\t\t\t<\/div>\n\t\t\t\t\t<\/div>\n\t\t<\/div>\n\t\t\t\t\t<\/div>\n\t\t<\/section>\n\t\t\t\t<section class=\"elementor-section elementor-top-section elementor-element elementor-element-3e89ac6 elementor-section-boxed elementor-section-height-default elementor-section-height-default\" data-id=\"3e89ac6\" data-element_type=\"section\" data-e-type=\"section\" data-settings=\"{&quot;background_background&quot;:&quot;classic&quot;}\">\n\t\t\t\t\t\t<div class=\"elementor-container elementor-column-gap-default\">\n\t\t\t\t\t<div class=\"elementor-column elementor-col-100 elementor-top-column elementor-element elementor-element-99e8155\" data-id=\"99e8155\" data-element_type=\"column\" data-e-type=\"column\">\n\t\t\t<div class=\"elementor-widget-wrap elementor-element-populated\">\n\t\t\t\t\t\t<div class=\"elementor-element elementor-element-1f583f7 elementor-widget elementor-widget-text-editor\" data-id=\"1f583f7\" data-element_type=\"widget\" data-e-type=\"widget\" data-widget_type=\"text-editor.default\">\n\t\t\t\t<div class=\"elementor-widget-container\">\n\t\t\t\t\t\t\t\t\t<h2><a href=\"\/semiare\/\"><span style=\"color: #ffffff;\">Seminare<\/span><\/a><\/h2>\t\t\t\t\t\t\t\t<\/div>\n\t\t\t\t<\/div>\n\t\t\t\t\t<\/div>\n\t\t<\/div>\n\t\t\t\t\t<\/div>\n\t\t<\/section>\n\t\t\t\t<section class=\"elementor-section elementor-top-section elementor-element elementor-element-b2fb09d elementor-section-boxed elementor-section-height-default elementor-section-height-default\" data-id=\"b2fb09d\" data-element_type=\"section\" data-e-type=\"section\" data-settings=\"{&quot;background_background&quot;:&quot;classic&quot;}\">\n\t\t\t\t\t\t<div class=\"elementor-container elementor-column-gap-default\">\n\t\t\t\t\t<div class=\"elementor-column elementor-col-33 elementor-top-column elementor-element elementor-element-154751c\" data-id=\"154751c\" data-element_type=\"column\" data-e-type=\"column\">\n\t\t\t<div class=\"elementor-widget-wrap elementor-element-populated\">\n\t\t\t\t\t\t<section class=\"elementor-section elementor-inner-section elementor-element elementor-element-9dc6aa7 elementor-section-boxed elementor-section-height-default elementor-section-height-default\" data-id=\"9dc6aa7\" data-element_type=\"section\" data-e-type=\"section\">\n\t\t\t\t\t\t<div class=\"elementor-container elementor-column-gap-default\">\n\t\t\t\t\t<div class=\"elementor-column elementor-col-50 elementor-inner-column elementor-element elementor-element-fc54c2e\" data-id=\"fc54c2e\" data-element_type=\"column\" data-e-type=\"column\">\n\t\t\t<div class=\"elementor-widget-wrap elementor-element-populated\">\n\t\t\t\t\t\t<div class=\"elementor-element elementor-element-5415866 elementor-widget elementor-widget-text-editor\" data-id=\"5415866\" data-element_type=\"widget\" data-e-type=\"widget\" data-widget_type=\"text-editor.default\">\n\t\t\t\t<div class=\"elementor-widget-container\">\n\t\t\t\t\t\t\t\t\t<h2><span style=\"color: #ffffff;\"><a style=\"color: #ffffff;\" href=\"https:\/\/wp2023.waytoharmony.de\/Home\/seminar-feng-shui-workshops\/\">Feng Shui<\/a><\/span><\/h2>\t\t\t\t\t\t\t\t<\/div>\n\t\t\t\t<\/div>\n\t\t\t\t<div class=\"elementor-element elementor-element-efe8ee8 elementor-widget elementor-widget-text-editor\" data-id=\"efe8ee8\" data-element_type=\"widget\" data-e-type=\"widget\" data-widget_type=\"text-editor.default\">\n\t\t\t\t<div class=\"elementor-widget-container\">\n\t\t\t\t\t\t\t\t\t<h6><span style=\"color: #ffffff;\"><a style=\"color: #ffffff;\" href=\"https:\/\/wp2023.waytoharmony.de\/Home\/seminar-feng-shui-workshop-raumgestaltung\/\">Raumgestaltung<\/a><\/span><\/h6>\t\t\t\t\t\t\t\t<\/div>\n\t\t\t\t<\/div>\n\t\t\t\t<div class=\"elementor-element elementor-element-f802408 elementor-widget elementor-widget-text-editor\" data-id=\"f802408\" data-element_type=\"widget\" data-e-type=\"widget\" data-widget_type=\"text-editor.default\">\n\t\t\t\t<div class=\"elementor-widget-container\">\n\t\t\t\t\t\t\t\t\t<h6><span style=\"color: #ffffff;\"><a style=\"color: #ffffff;\" href=\"https:\/\/wp2023.waytoharmony.de\/Home\/seminar-feng-shui-workshop-garten\/\">Garten<\/a><\/span><\/h6>\t\t\t\t\t\t\t\t<\/div>\n\t\t\t\t<\/div>\n\t\t\t\t\t<\/div>\n\t\t<\/div>\n\t\t\t\t<div class=\"elementor-column elementor-col-50 elementor-inner-column elementor-element elementor-element-4edad6b\" data-id=\"4edad6b\" data-element_type=\"column\" data-e-type=\"column\">\n\t\t\t<div class=\"elementor-widget-wrap elementor-element-populated\">\n\t\t\t\t\t\t<div class=\"elementor-element elementor-element-5ab483d elementor-widget elementor-widget-text-editor\" data-id=\"5ab483d\" data-element_type=\"widget\" data-e-type=\"widget\" data-widget_type=\"text-editor.default\">\n\t\t\t\t<div class=\"elementor-widget-container\">\n\t\t\t\t\t\t\t\t\t<h6><span style=\"color: #ffffff;\"><a style=\"color: #ffffff;\" href=\"https:\/\/wp2023.waytoharmony.de\/Home\/seminar-reiki-als-seminar\/\">Reiki<\/a><\/span><\/h6>\t\t\t\t\t\t\t\t<\/div>\n\t\t\t\t<\/div>\n\t\t\t\t\t<\/div>\n\t\t<\/div>\n\t\t\t\t\t<\/div>\n\t\t<\/section>\n\t\t\t\t\t<\/div>\n\t\t<\/div>\n\t\t\t\t<div class=\"elementor-column elementor-col-33 elementor-top-column elementor-element elementor-element-1aa5e01\" data-id=\"1aa5e01\" data-element_type=\"column\" data-e-type=\"column\">\n\t\t\t<div class=\"elementor-widget-wrap elementor-element-populated\">\n\t\t\t\t\t\t<section class=\"elementor-section elementor-inner-section elementor-element elementor-element-2e99fcd elementor-section-boxed elementor-section-height-default elementor-section-height-default\" data-id=\"2e99fcd\" data-element_type=\"section\" data-e-type=\"section\">\n\t\t\t\t\t\t<div class=\"elementor-container elementor-column-gap-default\">\n\t\t\t\t\t<div class=\"elementor-column elementor-col-50 elementor-inner-column elementor-element elementor-element-1763cc4\" data-id=\"1763cc4\" data-element_type=\"column\" data-e-type=\"column\" data-settings=\"{&quot;background_background&quot;:&quot;classic&quot;}\">\n\t\t\t<div class=\"elementor-widget-wrap elementor-element-populated\">\n\t\t\t\t\t\t<div class=\"elementor-element elementor-element-62c1b8b elementor-widget elementor-widget-text-editor\" data-id=\"62c1b8b\" data-element_type=\"widget\" data-e-type=\"widget\" data-widget_type=\"text-editor.default\">\n\t\t\t\t<div class=\"elementor-widget-container\">\n\t\t\t\t\t\t\t\t\t<h6 style=\"text-align: center;\"><span style=\"color: #ffffff;\"><a style=\"color: #ffffff;\" href=\"https:\/\/wp2023.waytoharmony.de\/Home\/00-vorlage-15\/\">R\u00e4uchern<\/a><\/span><\/h6>\t\t\t\t\t\t\t\t<\/div>\n\t\t\t\t<\/div>\n\t\t\t\t\t<\/div>\n\t\t<\/div>\n\t\t\t\t<div class=\"elementor-column elementor-col-50 elementor-inner-column elementor-element elementor-element-ead6e93\" data-id=\"ead6e93\" data-element_type=\"column\" data-e-type=\"column\">\n\t\t\t<div class=\"elementor-widget-wrap elementor-element-populated\">\n\t\t\t\t\t\t<div class=\"elementor-element elementor-element-1a59d52 elementor-widget elementor-widget-text-editor\" data-id=\"1a59d52\" data-element_type=\"widget\" data-e-type=\"widget\" data-widget_type=\"text-editor.default\">\n\t\t\t\t<div class=\"elementor-widget-container\">\n\t\t\t\t\t\t\t\t\t<h6 style=\"text-align: center;\"><span style=\"color: #ffffff;\"><a style=\"color: #ffffff;\" href=\"\/seminare-2-punkt-methode\/\">2-Punkt Methode<\/a><\/span><\/h6>\t\t\t\t\t\t\t\t<\/div>\n\t\t\t\t<\/div>\n\t\t\t\t<div class=\"elementor-element elementor-element-2a310fb elementor-widget elementor-widget-text-editor\" data-id=\"2a310fb\" data-element_type=\"widget\" data-e-type=\"widget\" data-widget_type=\"text-editor.default\">\n\t\t\t\t<div class=\"elementor-widget-container\">\n\t\t\t\t\t\t\t\t\t<h6><span style=\"color: #ffffff;\"><a style=\"color: #ffffff;\" href=\"https:\/\/wp2023.waytoharmony.de\/Home\/seminar-level-iii\/\">Level I+II<\/a><\/span><\/h6>\t\t\t\t\t\t\t\t<\/div>\n\t\t\t\t<\/div>\n\t\t\t\t<div class=\"elementor-element elementor-element-c4b903e elementor-widget elementor-widget-text-editor\" data-id=\"c4b903e\" data-element_type=\"widget\" data-e-type=\"widget\" data-widget_type=\"text-editor.default\">\n\t\t\t\t<div class=\"elementor-widget-container\">\n\t\t\t\t\t\t\t\t\t<h6><span style=\"color: #ffffff;\"><a style=\"color: #ffffff;\" href=\"https:\/\/wp2023.waytoharmony.de\/Home\/seminar-level-iii-die-naechste-ebene-der-2-punkt-methode\/\">Level III<\/a><\/span><\/h6>\t\t\t\t\t\t\t\t<\/div>\n\t\t\t\t<\/div>\n\t\t\t\t\t<\/div>\n\t\t<\/div>\n\t\t\t\t\t<\/div>\n\t\t<\/section>\n\t\t\t\t\t<\/div>\n\t\t<\/div>\n\t\t\t\t<div class=\"elementor-column elementor-col-33 elementor-top-column elementor-element elementor-element-2925db8\" data-id=\"2925db8\" data-element_type=\"column\" data-e-type=\"column\">\n\t\t\t<div class=\"elementor-widget-wrap elementor-element-populated\">\n\t\t\t\t\t\t<section class=\"elementor-section elementor-inner-section elementor-element elementor-element-a8dadc8 elementor-section-boxed elementor-section-height-default elementor-section-height-default\" data-id=\"a8dadc8\" data-element_type=\"section\" data-e-type=\"section\">\n\t\t\t\t\t\t<div class=\"elementor-container elementor-column-gap-default\">\n\t\t\t\t\t<div class=\"elementor-column elementor-col-50 elementor-inner-column elementor-element elementor-element-ee577ad\" data-id=\"ee577ad\" data-element_type=\"column\" data-e-type=\"column\">\n\t\t\t<div class=\"elementor-widget-wrap elementor-element-populated\">\n\t\t\t\t\t\t<div class=\"elementor-element elementor-element-fdfbaf7 elementor-widget elementor-widget-text-editor\" data-id=\"fdfbaf7\" data-element_type=\"widget\" data-e-type=\"widget\" data-widget_type=\"text-editor.default\">\n\t\t\t\t<div class=\"elementor-widget-container\">\n\t\t\t\t\t\t\t\t\t<h6 style=\"text-align: center;\"><span style=\"color: #ffffff;\"><a style=\"color: #ffffff;\" href=\"https:\/\/wp2023.waytoharmony.de\/Home\/seminar-unzufriedenheit-das-kann-ich-tun\/\">Unzufriedenheit<\/a><\/span><\/h6>\t\t\t\t\t\t\t\t<\/div>\n\t\t\t\t<\/div>\n\t\t\t\t\t<\/div>\n\t\t<\/div>\n\t\t\t\t<div class=\"elementor-column elementor-col-50 elementor-inner-column elementor-element elementor-element-79b26ed\" data-id=\"79b26ed\" data-element_type=\"column\" data-e-type=\"column\">\n\t\t\t<div class=\"elementor-widget-wrap elementor-element-populated\">\n\t\t\t\t\t\t<div class=\"elementor-element elementor-element-cfc3b09 elementor-widget elementor-widget-text-editor\" data-id=\"cfc3b09\" data-element_type=\"widget\" data-e-type=\"widget\" data-widget_type=\"text-editor.default\">\n\t\t\t\t<div class=\"elementor-widget-container\">\n\t\t\t\t\t\t\t\t\t<h6 style=\"text-align: center;\"><span style=\"color: #ffffff;\"><a style=\"color: #ffffff;\" href=\"https:\/\/wp2023.waytoharmony.de\/Home\/seminar-seele-sein-im-hier-und-jetzt\/\">Seele sein<\/a><\/span><\/h6>\t\t\t\t\t\t\t\t<\/div>\n\t\t\t\t<\/div>\n\t\t\t\t\t<\/div>\n\t\t<\/div>\n\t\t\t\t\t<\/div>\n\t\t<\/section>\n\t\t\t\t\t<\/div>\n\t\t<\/div>\n\t\t\t\t\t<\/div>\n\t\t<\/section>\n\t\t\t\t<section class=\"elementor-section elementor-top-section elementor-element elementor-element-538fd01 elementor-section-boxed elementor-section-height-default elementor-section-height-default\" data-id=\"538fd01\" data-element_type=\"section\" data-e-type=\"section\">\n\t\t\t\t\t\t<div class=\"elementor-container elementor-column-gap-default\">\n\t\t\t\t\t<div class=\"elementor-column elementor-col-100 elementor-top-column elementor-element elementor-element-a03f251\" data-id=\"a03f251\" data-element_type=\"column\" data-e-type=\"column\">\n\t\t\t<div class=\"elementor-widget-wrap elementor-element-populated\">\n\t\t\t\t\t\t<div class=\"elementor-element elementor-element-e20c6a2 elementor-widget elementor-widget-text-editor\" data-id=\"e20c6a2\" data-element_type=\"widget\" data-e-type=\"widget\" data-widget_type=\"text-editor.default\">\n\t\t\t\t<div class=\"elementor-widget-container\">\n\t\t\t\t\t\t\t\t\t<h1 style=\"margin-bottom: 0.75em; padding-top: 5px; padding-bottom: 5px; border-bottom: 1px solid #dddddd; background-image: initial; background-position: initial; background-size: initial; background-repeat: initial; background-attachment: initial; background-origin: initial; background-clip: initial; font-family: arial, sans-serif; font-weight: normal; color: #444444; text-rendering: optimizelegibility; overflow-wrap: break-word; font-size: 1.5em; line-height: 1.2; font-style: normal; font-variant-ligatures: normal; font-variant-caps: normal;\"><strong>Feng Shui Workshops<\/strong><\/h1>\t\t\t\t\t\t\t\t<\/div>\n\t\t\t\t<\/div>\n\t\t\t\t\t<\/div>\n\t\t<\/div>\n\t\t\t\t\t<\/div>\n\t\t<\/section>\n\t\t\t\t<section class=\"elementor-section elementor-top-section elementor-element elementor-element-f09c208 elementor-section-boxed elementor-section-height-default elementor-section-height-default\" data-id=\"f09c208\" data-element_type=\"section\" data-e-type=\"section\">\n\t\t\t\t\t\t<div class=\"elementor-container elementor-column-gap-default\">\n\t\t\t\t\t<div class=\"elementor-column elementor-col-100 elementor-top-column elementor-element elementor-element-3f636e5\" data-id=\"3f636e5\" data-element_type=\"column\" data-e-type=\"column\">\n\t\t\t<div class=\"elementor-widget-wrap elementor-element-populated\">\n\t\t\t\t\t\t<div class=\"elementor-element elementor-element-f1542ac elementor-widget elementor-widget-text-editor\" data-id=\"f1542ac\" data-element_type=\"widget\" data-e-type=\"widget\" data-widget_type=\"text-editor.default\">\n\t\t\t\t<div class=\"elementor-widget-container\">\n\t\t\t\t\t\t\t\t\t<div><p><strong>Bei diesen Workshops k\u00f6nnen sie Feng Shui f\u00fcr sich entdecken.<\/strong><\/p><p><strong><img decoding=\"async\" src=\"http:\/\/waytoharmony.de\/images\/stories\/mathias%20im%20vortrag.jpg\" alt=\"\" width=\"400\" border=\"0\" \/><\/strong><\/p><p><strong>Feng Shui verfolgt das Ziel, Harmonie zwischen Mensch und Umfeld zu schaffen.<\/strong><\/p><p><span style=\"font-size: 14px; color: var( --e-global-color-text );\">Sehen und lernen sie, wie sie Feng Shui in ihrem Umfeld ein- und umsetzen k\u00f6nnen. Profitieren sie von\u00a0 meinem langj\u00e4hrigen Fachwissen und erhalten sie\u00a0 wertvolle Informationen und Tipps. Eine Gestaltung ihres Umfeldes nach den Erkenntnissen aus Feng Shui kann auch auch ihre Gef\u00fchls- und Erlebniswelt deutlich verbessern.<\/span><\/p><p>Bringen sie Ihr System in die Harmonie.<\/p><\/div><p>\u00a0<\/p>\t\t\t\t\t\t\t\t<\/div>\n\t\t\t\t<\/div>\n\t\t\t\t<div class=\"elementor-element elementor-element-6d84bee elementor-widget elementor-widget-image\" data-id=\"6d84bee\" data-element_type=\"widget\" data-e-type=\"widget\" data-widget_type=\"image.default\">\n\t\t\t\t<div class=\"elementor-widget-container\">\n\t\t\t\t\t\t\t\t\t\t\t\t\t\t\t<img decoding=\"async\" width=\"658\" height=\"409\" src=\"https:\/\/wp2023.waytoharmony.de\/wp-content\/uploads\/2023\/04\/workshop2.jpg\" class=\"attachment-large size-large wp-image-658\" alt=\"\" srcset=\"https:\/\/wp2023.waytoharmony.de\/wp-content\/uploads\/2023\/04\/workshop2.jpg 658w, https:\/\/wp2023.waytoharmony.de\/wp-content\/uploads\/2023\/04\/workshop2-300x186.jpg 300w\" sizes=\"(max-width: 658px) 100vw, 658px\" \/>\t\t\t\t\t\t\t\t\t\t\t\t\t\t\t<\/div>\n\t\t\t\t<\/div>\n\t\t\t\t<div class=\"elementor-element elementor-element-097f072 elementor-widget elementor-widget-text-editor\" data-id=\"097f072\" data-element_type=\"widget\" data-e-type=\"widget\" data-widget_type=\"text-editor.default\">\n\t\t\t\t<div class=\"elementor-widget-container\">\n\t\t\t\t\t\t\t\t\t<p>\u00a0<\/p><p>Termine und weitere Einzelheiten erfahren Sie unter\u00a0<strong>\u201e<a href=\"http:\/\/wp2023.waytoharmony.de\/events\/\">Termine<\/a><\/strong><strong>\u201e<\/strong><\/p>\t\t\t\t\t\t\t\t<\/div>\n\t\t\t\t<\/div>\n\t\t\t\t\t<\/div>\n\t\t<\/div>\n\t\t\t\t\t<\/div>\n\t\t<\/section>\n\t\t\t\t<\/div>\n\t\t","protected":false},"excerpt":{"rendered":"<p>Seminare Feng Shui Raumgestaltung Garten Reiki R\u00e4uchern 2-Punkt Methode Level I+II Level III Unzufriedenheit Seele sein Feng Shui Workshops Bei diesen Workshops k\u00f6nnen sie Feng Shui f\u00fcr sich entdecken. Feng [&hellip;]<\/p>\n","protected":false},"author":1,"featured_media":0,"parent":0,"menu_order":0,"comment_status":"closed","ping_status":"closed","template":"","meta":{"ocean_post_layout":"full-width","ocean_both_sidebars_style":"","ocean_both_sidebars_content_width":0,"ocean_both_sidebars_sidebars_width":0,"ocean_sidebar":"0","ocean_second_sidebar":"0","ocean_disable_margins":"on","ocean_add_body_class":"","ocean_shortcode_before_top_bar":"","ocean_shortcode_after_top_bar":"","ocean_shortcode_before_header":"","ocean_shortcode_after_header":"","ocean_has_shortcode":"","ocean_shortcode_after_title":"","ocean_shortcode_before_footer_widgets":"","ocean_shortcode_after_footer_widgets":"","ocean_shortcode_before_footer_bottom":"","ocean_shortcode_after_footer_bottom":"","ocean_display_top_bar":"on","ocean_display_header":"off","ocean_header_style":"","ocean_center_header_left_menu":"0","ocean_custom_header_template":"0","ocean_custom_logo":212,"ocean_custom_retina_logo":0,"ocean_custom_logo_max_width":0,"ocean_custom_logo_tablet_max_width":0,"ocean_custom_logo_mobile_max_width":0,"ocean_custom_logo_max_height":0,"ocean_custom_logo_tablet_max_height":0,"ocean_custom_logo_mobile_max_height":0,"ocean_header_custom_menu":"3","ocean_menu_typo_font_family":"0","ocean_menu_typo_font_subset":"","ocean_menu_typo_font_size":0,"ocean_menu_typo_font_size_tablet":0,"ocean_menu_typo_font_size_mobile":0,"ocean_menu_typo_font_size_unit":"px","ocean_menu_typo_font_weight":"","ocean_menu_typo_font_weight_tablet":"","ocean_menu_typo_font_weight_mobile":"","ocean_menu_typo_transform":"","ocean_menu_typo_transform_tablet":"","ocean_menu_typo_transform_mobile":"","ocean_menu_typo_line_height":0,"ocean_menu_typo_line_height_tablet":0,"ocean_menu_typo_line_height_mobile":0,"ocean_menu_typo_line_height_unit":"","ocean_menu_typo_spacing":0,"ocean_menu_typo_spacing_tablet":0,"ocean_menu_typo_spacing_mobile":0,"ocean_menu_typo_spacing_unit":"","ocean_menu_link_color":"","ocean_menu_link_color_hover":"","ocean_menu_link_color_active":"","ocean_menu_link_background":"","ocean_menu_link_hover_background":"","ocean_menu_link_active_background":"","ocean_menu_social_links_bg":"","ocean_menu_social_hover_links_bg":"","ocean_menu_social_links_color":"","ocean_menu_social_hover_links_color":"","ocean_disable_title":"on","ocean_disable_heading":"on","ocean_post_title":"","ocean_post_subheading":"","ocean_post_title_style":"","ocean_post_title_background_color":"","ocean_post_title_background":0,"ocean_post_title_bg_image_position":"","ocean_post_title_bg_image_attachment":"","ocean_post_title_bg_image_repeat":"","ocean_post_title_bg_image_size":"","ocean_post_title_height":0,"ocean_post_title_bg_overlay":0.5,"ocean_post_title_bg_overlay_color":"","ocean_disable_breadcrumbs":"off","ocean_breadcrumbs_color":"","ocean_breadcrumbs_separator_color":"","ocean_breadcrumbs_links_color":"","ocean_breadcrumbs_links_hover_color":"","ocean_display_footer_widgets":"on","ocean_display_footer_bottom":"on","ocean_custom_footer_template":"0","footnotes":""},"class_list":["post-793","page","type-page","status-publish","hentry","entry"],"_links":{"self":[{"href":"https:\/\/wp2023.waytoharmony.de\/Home\/wp-json\/wp\/v2\/pages\/793","targetHints":{"allow":["GET"]}}],"collection":[{"href":"https:\/\/wp2023.waytoharmony.de\/Home\/wp-json\/wp\/v2\/pages"}],"about":[{"href":"https:\/\/wp2023.waytoharmony.de\/Home\/wp-json\/wp\/v2\/types\/page"}],"author":[{"embeddable":true,"href":"https:\/\/wp2023.waytoharmony.de\/Home\/wp-json\/wp\/v2\/users\/1"}],"replies":[{"embeddable":true,"href":"https:\/\/wp2023.waytoharmony.de\/Home\/wp-json\/wp\/v2\/comments?post=793"}],"version-history":[{"count":10,"href":"https:\/\/wp2023.waytoharmony.de\/Home\/wp-json\/wp\/v2\/pages\/793\/revisions"}],"predecessor-version":[{"id":2501,"href":"https:\/\/wp2023.waytoharmony.de\/Home\/wp-json\/wp\/v2\/pages\/793\/revisions\/2501"}],"wp:attachment":[{"href":"https:\/\/wp2023.waytoharmony.de\/Home\/wp-json\/wp\/v2\/media?parent=793"}],"curies":[{"name":"wp","href":"https:\/\/api.w.org\/{rel}","templated":true}]}}