{"id":250,"date":"2023-03-18T16:05:51","date_gmt":"2023-03-18T15:05:51","guid":{"rendered":"http:\/\/wp2023.waytoharmony.de\/Home\/?page_id=250"},"modified":"2025-02-25T17:56:12","modified_gmt":"2025-02-25T16:56:12","slug":"footer-agb","status":"publish","type":"page","link":"https:\/\/wp2023.waytoharmony.de\/Home\/footer-agb\/","title":{"rendered":"Footer &#8211; AGB"},"content":{"rendered":"\t\t<div data-elementor-type=\"wp-page\" data-elementor-id=\"250\" class=\"elementor elementor-250\">\n\t\t\t\t\t\t<section class=\"elementor-section elementor-top-section elementor-element elementor-element-8d4cc80 elementor-section-full_width elementor-section-height-default elementor-section-height-default\" data-id=\"8d4cc80\" data-element_type=\"section\" data-e-type=\"section\">\n\t\t\t\t\t\t<div class=\"elementor-container elementor-column-gap-default\">\n\t\t\t\t\t<div class=\"elementor-column elementor-col-100 elementor-top-column elementor-element elementor-element-b40e3cb\" data-id=\"b40e3cb\" data-element_type=\"column\" data-e-type=\"column\">\n\t\t\t<div class=\"elementor-widget-wrap elementor-element-populated\">\n\t\t\t\t\t\t<div class=\"elementor-element elementor-element-5382a6d elementor-widget elementor-widget-image\" data-id=\"5382a6d\" data-element_type=\"widget\" data-e-type=\"widget\" data-widget_type=\"image.default\">\n\t\t\t\t<div class=\"elementor-widget-container\">\n\t\t\t\t\t\t\t\t\t\t\t\t\t\t\t<img decoding=\"async\" src=\"https:\/\/wp2023.waytoharmony.de\/wp-content\/uploads\/2025\/02\/01-Hauptlogo-2.png\" title=\"01 &#8211; Hauptlogo\" alt=\"01 - Hauptlogo\" loading=\"lazy\" \/>\t\t\t\t\t\t\t\t\t\t\t\t\t\t\t<\/div>\n\t\t\t\t<\/div>\n\t\t\t\t\t<\/div>\n\t\t<\/div>\n\t\t\t\t\t<\/div>\n\t\t<\/section>\n\t\t\t\t<section class=\"elementor-section elementor-top-section elementor-element elementor-element-3280dce elementor-section-boxed elementor-section-height-default elementor-section-height-default\" data-id=\"3280dce\" data-element_type=\"section\" data-e-type=\"section\">\n\t\t\t\t\t\t<div class=\"elementor-container elementor-column-gap-default\">\n\t\t\t\t\t<div class=\"elementor-column elementor-col-100 elementor-top-column elementor-element elementor-element-ed929d3\" data-id=\"ed929d3\" data-element_type=\"column\" data-e-type=\"column\">\n\t\t\t<div class=\"elementor-widget-wrap elementor-element-populated\">\n\t\t\t\t\t\t<div class=\"elementor-element elementor-element-06a13ce elementor-widget elementor-widget-heading\" data-id=\"06a13ce\" data-element_type=\"widget\" data-e-type=\"widget\" data-widget_type=\"heading.default\">\n\t\t\t\t<div class=\"elementor-widget-container\">\n\t\t\t\t\t<h2 class=\"elementor-heading-title elementor-size-default\">AGB<\/h2>\t\t\t\t<\/div>\n\t\t\t\t<\/div>\n\t\t\t\t\t<\/div>\n\t\t<\/div>\n\t\t\t\t\t<\/div>\n\t\t<\/section>\n\t\t\t\t<section class=\"elementor-section elementor-top-section elementor-element elementor-element-47cfdc6 elementor-section-boxed elementor-section-height-default elementor-section-height-default\" data-id=\"47cfdc6\" data-element_type=\"section\" data-e-type=\"section\">\n\t\t\t\t\t\t<div class=\"elementor-container elementor-column-gap-default\">\n\t\t\t\t\t<div class=\"elementor-column elementor-col-100 elementor-top-column elementor-element elementor-element-1b381cb\" data-id=\"1b381cb\" data-element_type=\"column\" data-e-type=\"column\">\n\t\t\t<div class=\"elementor-widget-wrap elementor-element-populated\">\n\t\t\t\t\t\t<div class=\"elementor-element elementor-element-1a72b06 elementor-widget elementor-widget-text-editor\" data-id=\"1a72b06\" data-element_type=\"widget\" data-e-type=\"widget\" data-widget_type=\"text-editor.default\">\n\t\t\t\t<div class=\"elementor-widget-container\">\n\t\t\t\t\t\t\t\t\t<h2>AGB<\/h2><div class=\"pull-left\">\u00a0<\/div><div align=\"justify\">Allgemeine Gesch\u00e4ftsbedingungen der Firma Way to Harmony<br \/><br \/><strong>1. Allgemeines<\/strong><br \/>Nachstehende Allgemeine Gesch\u00e4ftsbedingungen gelten f\u00fcr alle Vertr\u00e4ge, Lieferungen und sonstige Leistungen. Abweichenden Vorschriften des Vertragspartners widersprechen wir hiermit ausdr\u00fccklich. Alle Nebenabreden bed\u00fcrfen der schriftlichen Best\u00e4tigung unsererseits. Way to Harmony ist jederzeit berechtigt, diese Allgemeinen Gesch\u00e4ftsbedingungen einschlie\u00dflich aller eventuellen Anlagen mit einer angemessenen K\u00fcndigungsfrist zu \u00e4ndern oder zu erg\u00e4nzen. Vorher eingehende Auftr\u00e4ge werden nach den dann noch g\u00fcltigen alten Allgemeinen Gesch\u00e4ftsbedingungen bearbeitet.<br \/><br \/><strong>2. Angebot<\/strong><br \/>Unsere Angebote sind unverbindlich. Kleine Abweichungen und technische \u00c4nderungen gegen\u00fcber unseren Abbildungen oder Beschreibungen sind m\u00f6glich. Der jeweilige Katalog verliert mit Erscheinen einer Neuausgabe seine G\u00fcltigkeit.<br \/><br \/><strong>3. Lieferung und Zahlung<\/strong><br \/>Die Lieferungs- und Zahlungsbedingungen von Way to Harmony sind im Bestellformular (E-Shop) n\u00e4her ausgewiesen. Lieferung erfolgt ausschlie\u00dflich gegen Vorauskasse. Es gibt keine Mindestbestellmenge. Alle unsere Preise enthalten die gesetzliche Mehrwertsteuer in H\u00f6he von derzeit 19%\/ 7%. Es bleibt uns vorbehalten, eine Teillieferung vorzunehmen, sofern dies f\u00fcr eine z\u00fcgige Abwicklung vorteilhaft erscheint. Von unseren Kunden gew\u00fcnschte Sonderversendungsformen werden mit orts\u00fcblichem Zuschlag berechnet.<br \/><br \/><strong>4. Lieferzeiten<\/strong><br \/>Ware, die am Lager ist (f\u00fcr Bef\u00f6rderungsprobleme haften wir nicht) kommt innerhalb von 3 Tagen zum Versand. Ist die Ware bei Bestellung nicht vorr\u00e4tig, bem\u00fchen wir uns um schnellstm\u00f6gliche Lieferung. Falls die Nichteinhaltung einer Liefer- oder Leistungsfrist auf h\u00f6here Gewalt, Arbeitskampf, unvorhersehbare Hindernisse oder sonstige von uns nicht zu vertretende Umst\u00e4nde zur\u00fcckzuf\u00fchren ist, wird die Frist angemessen verl\u00e4ngert. Bei Nichteinhaltung der Lieferfrist aus anderen als den o. g. Gr\u00fcnden ist der K\u00e4ufer berechtigt, schriftlich eine angemessene Nachfrist mit Ablehnungsandrohung zu setzen und nach deren erfolglosem Ablauf hinsichtlich der im Vertrag befindlichen Lieferung oder Leistung vom Vertrag zur\u00fcckzutreten. Beruht die Unm\u00f6glichkeit der Lieferung auf Unverm\u00f6gen des Herstellers oder unseres Zulieferers, so k\u00f6nnen sowohl wir als auch der K\u00e4ufer vom Vertrag zur\u00fccktreten, sofern der vereinbarte Liefertermin um mehr als 2 Monate \u00fcberschritten ist. Schadensersatzanspr\u00fcche wegen Verzug oder Unm\u00f6glichkeit bzw. Nichterf\u00fcllung, auch solche, die bis zu R\u00fccktritt vom Vertrag entstanden sind, sind ausgeschlossen. Es sei denn, da\u00df ein gesetzlicher Vertreter der Firma Way to Harmony vors\u00e4tzlich oder grob fahrl\u00e4ssig gehandelt hat.<br \/><br \/><strong>5. R\u00fcckgaberecht<\/strong><br \/>F\u00fcr B\u00fccher, Musik, DVD\/VHS und Software: Sie k\u00f6nnen alle bei uns gekauften Artikel aus den oben genannten Produktlinien innerhalb von 30 Tagen zur\u00fccksenden und erhalten umgehend den Kaufpreis erstattet, sofern die Ware sich in ungebrauchtem Zustand befindet. Versiegelte Datentr\u00e4ger wie CDs, Audiokassetten, VHS-Videos, DVDs, PC- und Videospiele sowie Software nehmen wir nur mit unbesch\u00e4digtem Siegel zur\u00fcck.<br \/><br \/>F\u00fcr Brunnen und andere elektronische Ger\u00e4te: Eine Sonderregelung gilt f\u00fcr die Brunnen und Leuchten. Hier haben Sie laut \u00a7 312d BGB ein Widerrufsrecht von 14 Tagen ab Erhalt der Ware. Bitte beachten Sie, dass die Waren mit einem versiegelten Code f\u00fcr die Nutzung versehen sind. Produkte bei denen eine Besch\u00e4digung oder Gebrauchsspruen vorliegen, werden nicht zur\u00fcckgenommen.<br \/><br \/>Die Versandkosten der R\u00fccksendung tr\u00e4gt der Besteller. Unfreie R\u00fccksendungen werden von uns nicht angenommen. Sollten Sie von Ihrem R\u00fcckgaberecht Gebrauch machen oder einen Mangel an Ihrem Ger\u00e4t innerhalb des Gew\u00e4hrleistungszeitraumes reklamieren wollen, kontaktieren Sie uns vor R\u00fccksendung bitte per E-Mail oder Telefon.<br \/><br \/><strong>7. Gew\u00e4hrleistung (Gefahren\u00fcbergang)<\/strong><br \/>Way to Harmony gew\u00e4hrleistet, da\u00df die verkaufte Ware zum Zeitpunkt des Versandes (Gefahr\u00fcberganges) frei von Material- und Fabrikationsfehlern ist und die vertraglich zugesicherten Eigenschaften hat. Bei Eintreffen hat der Kunde die Ware unverz\u00fcglich auf M\u00e4ngel und Beschaffenheit zu untersuchen. Im Falle offener M\u00e4ngel m\u00fcssen diese innerhalb von 10 Tagen nach Entdeckung schriftlich bei uns gemeldet werden.<br \/>Bei sichtbarer Besch\u00e4digung durch den Versender (Post, UPS, Kurierdienste usw.) ist der Kunde verpflichtet, den Schaden innerhalb von 24 Stunden an den jeweiligen Versender zu melden und schriftlich best\u00e4tigen zu lassen. Der vom Versender unterzeichnete Schadensbericht wird zusammen mit dem defekten Ger\u00e4t an Way to Harmony ausreichend frankiert \u00fcbersandt. Way to Harmony tritt im Rahmen der AGB\u2019s nach Pr\u00fcfung des Schadens umgehend ein und leistet Ersatz bzw. tritt in Reparaturma\u00dfnahmen \u2013 Anspr\u00fcche gegen\u00fcber dem Versender werden durch die Way to Harmony geltend gemacht.<br \/>Versteckte M\u00e4ngel m\u00fcssen nach Bekanntwerden innerhalb von 10 Tagen schriftlich angezeigt werden. Anderenfalls entf\u00e4llt die Gew\u00e4hrleistung f\u00fcr diese M\u00e4ngel. Die Gew\u00e4hrleistung betr\u00e4gt 24 Monate bei elektronischen Artikeln, ab Auslieferung (zur Inanspruchnahme dieser Gew\u00e4hrleistung ist es erforderlich, die dem Produkt beiliegende Registrierung vollst\u00e4ndig ausgef\u00fcllt und ausreichend frankiert an Way to Harmony zur\u00fcckzusenden, zu faxen oder das Online-Registrierungsformular ausgef\u00fcllt zu \u00fcbersenden). Bei Reklamationen mu\u00df das Kaufdatum mit einer Rechnung nachgewiesen werden. Der reklamierte Artikel mu\u00df zusammen mit einer Kopie der Rechnung und einer Kopie des an uns gesandten Registrierungsformulares ausreichend frankiert, eingeschickt werden. Die Gew\u00e4hrleistung erstreckt sich nicht auf den normalen Verschlei\u00df oder die Abnutzung. Die Gew\u00e4hrleistung erlischt, wenn der Kunde die gelieferte Ware ver\u00e4ndert.<br \/>Way to Harmony\u00a0 hat w\u00e4hrend der Gew\u00e4hrleistungspflicht das Recht auf kostenlose Nachbesserung. Ein teilweiser oder vollst\u00e4ndiger Austausch des Artikels ist zul\u00e4ssig. Werden M\u00e4ngel innerhalb angemessener Frist nicht behoben, so hat der K\u00e4ufer Anspruch auf Wandlung oder Minderung. Es gilt \u00a7 476a BGB.<br \/><br \/><strong>8. Sammelbesteller<\/strong><br \/>Sammelbesteller erhalten auf Anfrage eine Aufwandsentsch\u00e4digung in Form von Artikeln aus unserem Angebot. In Einzelf\u00e4llen gew\u00e4hren wir f\u00fcr Sammelbesteller auch einen Mengenrabatt in einzeln zu verhandelnder H\u00f6he. Die Auftragsabwicklung und auch eventuelle R\u00fccksendungen erfolgen ausschlie\u00dflich \u00fcber den Sammelbesteller.<br \/><br \/><strong>9. Eigentumsvorbehalt<\/strong><br \/>Bis zur vollst\u00e4ndigen Bezahlung bleibt die Ware Eigentum der Firma Way to Harmony .<br \/><br \/><strong>10. Datenspeicherung<\/strong><br \/>Gem\u00e4\u00df \u00a7 28 des Bundesdatenschutzgesetzes (BDSG) machen wir darauf aufmerksam, da\u00df die im Rahmen der Gesch\u00e4ftsabwicklung notwendigen Daten mittels einer EDV-Anlage gem\u00e4\u00df \u00a7 33 (BDSG) verarbeitet und gespeichert werden. Pers\u00f6nliche Daten werden selbstverst\u00e4ndlich vertraulich behandelt.<br \/><br \/><strong>11. Gerichtsstand<\/strong><br \/>Erf\u00fcllungsort und Gerichtsstand f\u00fcr beide Teile ist der Sitz von Way to Harmony. Es gilt ausschlie\u00dflich das Recht der Bundesrepublik Deutschland.<br \/><br \/><strong>Way to Harmony<\/strong><br \/>Jean \u2013 Paul \u2013 Strasse 19 \u2022 D-96487 D\u00f6rfles &#8211; Esbach<br \/>Tel. +49 (0) 95 61. 32 93 88 \u2022 Fax (0) 95 61. 32 93 88<br \/><br \/><\/div><p align=\"justify\"><strong>Widerrufsbelehrung<\/strong><\/p><p align=\"justify\"><strong>1. Widerrufsrecht<\/strong><\/p><p align=\"justify\">Sie k\u00f6nnen, wenn Sie Verbraucher sind, Ihre Vertragserkl\u00e4rung innerhalb von zwei Wochen ohne Angabe von Gr\u00fcnden in Textform (z. B. Brief, Fax, E-Mail) widerrufen. Die Frist beginnt fr\u00fchestens mit Erhalt dieser Belehrung. Zur Wahrung der Widerrufsfrist gen\u00fcgt die rechtzeitige Absendung des Widerrufs. Der Widerruf ist zu richten an:<br \/>Way to Harmony, Inh. Mathias Geu\u00df<br \/>Jean \u2013 Paul \u2013 Str. 19, 96487 D\u00f6rfles -Esbach<br \/>Fax : 09561\/ 329 388 E-Mail:\u00a0<span id=\"cloak62601b8409edd03a5995b38ebd754796\"><a href=\"mailto:info@waytoharmony.de\">info@waytoharmony.de<\/a><\/span><br \/><br \/>Ihr Widerrufsrecht erlischt vorzeitig, wenn wir mit Ihrer ausdr\u00fccklichen Zustimmung vor Ende der Widerrufsfrist mit der Ausf\u00fchrung der Dienstleistung begonnen haben oder Sie diese selbst veranlasst haben.<\/p><p align=\"justify\"><strong>2. Widerrufsfolgen<\/strong><\/p><p align=\"justify\">Im Falle eines wirksamen Widerrufs sind die beiderseits empfangenen Leistungen zur\u00fcckzugew\u00e4hren. K\u00f6nnen Sie uns die empfangene Leistung ganz oder teilweise nicht oder nur in verschlechtertem Zustand zur\u00fcckgew\u00e4hren, m\u00fcssen Sie uns insoweit ggf. Wertersatz leisten. Verpflichtungen zur Erstattung von Zahlungen m\u00fcssen Sie innerhalb von 30 Tagen nach Absendung Ihrer Widerrufserkl\u00e4rung erf\u00fcllen.<\/p><p align=\"justify\"><strong>Datenschutz<\/strong><br \/>Wir verwenden Ihre Bestandsdaten ausschlie\u00dflich zur Abwicklung Ihrer Bestellung. Alle Kundendaten werden unter Beachtung der einschl\u00e4gigen Vorschriften der Bundesdatenschutzgesetze (BDSG) und des Teledienstdatenschutzgesetzes (TDDSG) von uns gespeichert und verarbeitet.<br \/><br \/><strong>Ausk\u00fcnfte<\/strong><br \/>Sie haben jederzeit ein Recht auf kostenlose Auskunft, Berichtigung, Sperrung und L\u00f6schung Ihrer gespeicherten Daten. Bitte wenden Sie sich an\u00a0<span id=\"cloak543b6aa79cf6533d2b313902db946774\"><a href=\"mailto:info@waytoharmony.de\">info@waytoharmony.de<\/a><\/span>\u00a0oder senden Sie uns Ihr Verlangen per Post oder Fax.<br \/><br \/><strong>Weitergabe an Dritte<\/strong><br \/>Wir geben Ihre personenbezogenen Daten einschlie\u00dflich Ihrer Hausadresse und E-Mail-Adresse nicht ohne Ihre ausdr\u00fcckliche und jederzeit widerrufliche Einwilligung an Dritte weiter. Ausgenommen hiervon sind unsere Dienstleistungspartner, die zur Bestellabwicklung die \u00dcbermittlung von Daten ben\u00f6tigen (z.B. das mit der Lieferung beauftragte Versandunternehmen und das mit der Zahlungsabwicklung beauftragte Kreditinstitut). In diesen F\u00e4llen beschr\u00e4nkt sich der Umfang der \u00fcbermittelten Daten jedoch nur auf das erforderliche Minimum.<br \/><br \/><strong>Cookies<\/strong><br \/>In diesem Shop werden in den Cookies Informationen \u00fcber Ihre Kundendaten gespeichert, die dann bei Ihren n\u00e4chsten Besuchen aufgerufen werden k\u00f6nnen. Die in einem Cookie abgelegten Daten er\u00fcbrigen Ihnen das wiederholte Ausf\u00fcllen der Formulare.<\/p><p align=\"justify\"><strong>Distanzerkl\u00e4rung<\/strong><br \/><br \/><strong>Abgrenzung von Sekten \/ Distanzerkl\u00e4rung<\/strong><br \/>Das Ziel der Firma Way to Harmony ist die F\u00f6rderung der individuellen Entwicklung und Entscheidungsf\u00e4higkeit von Menschen.<br \/>Unsere Seminare, Schulungen und Gespr\u00e4chssitzungen sind unabh\u00e4ngig von politischen, kirchlichen oder weltanschaulichen Inhalten. Wir zeigen gezielt wissenschaftliche und mentale Zusammenh\u00e4nge auf. Damit ist es unseren Kunden \u00fcberlassen, ihre individuellen und auf Ihre Pers\u00f6nlichkeit abgestimmten Entscheidungen zu treffen. In diesem Zusammenhang weisen wir auf unsere Liefer- und Ethikrichtlinien hin.<br \/><br \/>Gerne \u00fcberreichen wir eine Referenzliste von Kunden, die unsere freie Art der Arbeit best\u00e4tigen und nachweisen. Wir distanzieren uns in diesem Zusammenhang von Sekten, Gurus und Predigern, die in einer dogmatischen Form dazu auffordern, einer Glaubens\u00fcberzeugung, Person, Weltanschauung oder sonst einer sonstwie vorgegebenen Richtung zu folgen. Insbesondere distanzieren wir uns in diesem Zusammenhang von der Gruppe Scientology und best\u00e4tigen hiermit schriftlich und \u00f6ffentlich unsere Unabh\u00e4ngigkeit von dieser wirtschaftlich orientierten Sekte. Wir halten diese Art von Dogmatismus f\u00fcr gef\u00e4hrlich und einschr\u00e4nkend. Auch die Aufforderung zur Eingliederung in eine bestehende Gruppe f\u00fchren den Menschen unserer \u00dcberzeugung nach weg von seinem individuellen, einzigartigen und Erf\u00fcllung bringenden Lebensweg. Mit diesen dogmatischen Ans\u00e4tzen werden Menschen unserer Ansicht nach in Ihrer Entwicklung eingeschr\u00e4nkt anstatt gef\u00f6rdert.<\/p>\t\t\t\t\t\t\t\t<\/div>\n\t\t\t\t<\/div>\n\t\t\t\t\t<\/div>\n\t\t<\/div>\n\t\t\t\t\t<\/div>\n\t\t<\/section>\n\t\t\t\t<\/div>\n\t\t","protected":false},"excerpt":{"rendered":"<p>AGB AGB \u00a0Allgemeine Gesch\u00e4ftsbedingungen der Firma Way to Harmony 1. AllgemeinesNachstehende Allgemeine Gesch\u00e4ftsbedingungen gelten f\u00fcr alle Vertr\u00e4ge, Lieferungen und sonstige Leistungen. Abweichenden Vorschriften des Vertragspartners widersprechen wir hiermit ausdr\u00fccklich. Alle [&hellip;]<\/p>\n","protected":false},"author":1,"featured_media":0,"parent":0,"menu_order":0,"comment_status":"closed","ping_status":"closed","template":"","meta":{"ocean_post_layout":"full-width","ocean_both_sidebars_style":"","ocean_both_sidebars_content_width":0,"ocean_both_sidebars_sidebars_width":0,"ocean_sidebar":"0","ocean_second_sidebar":"0","ocean_disable_margins":"on","ocean_add_body_class":"","ocean_shortcode_before_top_bar":"","ocean_shortcode_after_top_bar":"","ocean_shortcode_before_header":"","ocean_shortcode_after_header":"","ocean_has_shortcode":"","ocean_shortcode_after_title":"","ocean_shortcode_before_footer_widgets":"","ocean_shortcode_after_footer_widgets":"","ocean_shortcode_before_footer_bottom":"","ocean_shortcode_after_footer_bottom":"","ocean_display_top_bar":"on","ocean_display_header":"off","ocean_header_style":"","ocean_center_header_left_menu":"0","ocean_custom_header_template":"0","ocean_custom_logo":212,"ocean_custom_retina_logo":0,"ocean_custom_logo_max_width":0,"ocean_custom_logo_tablet_max_width":0,"ocean_custom_logo_mobile_max_width":0,"ocean_custom_logo_max_height":0,"ocean_custom_logo_tablet_max_height":0,"ocean_custom_logo_mobile_max_height":0,"ocean_header_custom_menu":"3","ocean_menu_typo_font_family":"0","ocean_menu_typo_font_subset":"","ocean_menu_typo_font_size":0,"ocean_menu_typo_font_size_tablet":0,"ocean_menu_typo_font_size_mobile":0,"ocean_menu_typo_font_size_unit":"px","ocean_menu_typo_font_weight":"","ocean_menu_typo_font_weight_tablet":"","ocean_menu_typo_font_weight_mobile":"","ocean_menu_typo_transform":"","ocean_menu_typo_transform_tablet":"","ocean_menu_typo_transform_mobile":"","ocean_menu_typo_line_height":0,"ocean_menu_typo_line_height_tablet":0,"ocean_menu_typo_line_height_mobile":0,"ocean_menu_typo_line_height_unit":"","ocean_menu_typo_spacing":0,"ocean_menu_typo_spacing_tablet":0,"ocean_menu_typo_spacing_mobile":0,"ocean_menu_typo_spacing_unit":"","ocean_menu_link_color":"","ocean_menu_link_color_hover":"","ocean_menu_link_color_active":"","ocean_menu_link_background":"","ocean_menu_link_hover_background":"","ocean_menu_link_active_background":"","ocean_menu_social_links_bg":"","ocean_menu_social_hover_links_bg":"","ocean_menu_social_links_color":"","ocean_menu_social_hover_links_color":"","ocean_disable_title":"on","ocean_disable_heading":"enable","ocean_post_title":"","ocean_post_subheading":"","ocean_post_title_style":"","ocean_post_title_background_color":"","ocean_post_title_background":0,"ocean_post_title_bg_image_position":"","ocean_post_title_bg_image_attachment":"","ocean_post_title_bg_image_repeat":"","ocean_post_title_bg_image_size":"","ocean_post_title_height":0,"ocean_post_title_bg_overlay":0.5,"ocean_post_title_bg_overlay_color":"","ocean_disable_breadcrumbs":"off","ocean_breadcrumbs_color":"","ocean_breadcrumbs_separator_color":"","ocean_breadcrumbs_links_color":"","ocean_breadcrumbs_links_hover_color":"","ocean_display_footer_widgets":"on","ocean_display_footer_bottom":"on","ocean_custom_footer_template":"0","footnotes":""},"class_list":["post-250","page","type-page","status-publish","hentry","entry"],"_links":{"self":[{"href":"https:\/\/wp2023.waytoharmony.de\/Home\/wp-json\/wp\/v2\/pages\/250","targetHints":{"allow":["GET"]}}],"collection":[{"href":"https:\/\/wp2023.waytoharmony.de\/Home\/wp-json\/wp\/v2\/pages"}],"about":[{"href":"https:\/\/wp2023.waytoharmony.de\/Home\/wp-json\/wp\/v2\/types\/page"}],"author":[{"embeddable":true,"href":"https:\/\/wp2023.waytoharmony.de\/Home\/wp-json\/wp\/v2\/users\/1"}],"replies":[{"embeddable":true,"href":"https:\/\/wp2023.waytoharmony.de\/Home\/wp-json\/wp\/v2\/comments?post=250"}],"version-history":[{"count":10,"href":"https:\/\/wp2023.waytoharmony.de\/Home\/wp-json\/wp\/v2\/pages\/250\/revisions"}],"predecessor-version":[{"id":2388,"href":"https:\/\/wp2023.waytoharmony.de\/Home\/wp-json\/wp\/v2\/pages\/250\/revisions\/2388"}],"wp:attachment":[{"href":"https:\/\/wp2023.waytoharmony.de\/Home\/wp-json\/wp\/v2\/media?parent=250"}],"curies":[{"name":"wp","href":"https:\/\/api.w.org\/{rel}","templated":true}]}}