{"id":25,"date":"2023-03-15T17:56:17","date_gmt":"2023-03-15T16:56:17","guid":{"rendered":"http:\/\/wp2023.waytoharmony.de\/?page_id=25"},"modified":"2025-02-25T17:56:55","modified_gmt":"2025-02-25T16:56:55","slug":"footer-datenschutz","status":"publish","type":"page","link":"https:\/\/wp2023.waytoharmony.de\/Home\/footer-datenschutz\/","title":{"rendered":"Footer &#8211; Datenschutz"},"content":{"rendered":"\t\t<div data-elementor-type=\"wp-page\" data-elementor-id=\"25\" class=\"elementor elementor-25\">\n\t\t\t\t\t\t<section class=\"elementor-section elementor-top-section elementor-element elementor-element-c5791ff elementor-section-boxed elementor-section-height-default elementor-section-height-default\" data-id=\"c5791ff\" data-element_type=\"section\" data-e-type=\"section\">\n\t\t\t\t\t\t<div class=\"elementor-container elementor-column-gap-default\">\n\t\t\t\t\t<div class=\"elementor-column elementor-col-100 elementor-top-column elementor-element elementor-element-1b1ea27\" data-id=\"1b1ea27\" data-element_type=\"column\" data-e-type=\"column\">\n\t\t\t<div class=\"elementor-widget-wrap elementor-element-populated\">\n\t\t\t\t\t\t<div class=\"elementor-element elementor-element-ea4cea6 elementor-widget elementor-widget-image\" data-id=\"ea4cea6\" data-element_type=\"widget\" data-e-type=\"widget\" data-widget_type=\"image.default\">\n\t\t\t\t<div class=\"elementor-widget-container\">\n\t\t\t\t\t\t\t\t\t\t\t\t\t\t\t<img fetchpriority=\"high\" decoding=\"async\" width=\"4400\" height=\"1100\" src=\"https:\/\/wp2023.waytoharmony.de\/wp-content\/uploads\/2025\/02\/01-Hauptlogo-2.png\" class=\"attachment-full size-full wp-image-2326\" alt=\"\" srcset=\"https:\/\/wp2023.waytoharmony.de\/wp-content\/uploads\/2025\/02\/01-Hauptlogo-2.png 4400w, https:\/\/wp2023.waytoharmony.de\/wp-content\/uploads\/2025\/02\/01-Hauptlogo-2-300x75.png 300w, https:\/\/wp2023.waytoharmony.de\/wp-content\/uploads\/2025\/02\/01-Hauptlogo-2-1024x256.png 1024w, https:\/\/wp2023.waytoharmony.de\/wp-content\/uploads\/2025\/02\/01-Hauptlogo-2-768x192.png 768w, https:\/\/wp2023.waytoharmony.de\/wp-content\/uploads\/2025\/02\/01-Hauptlogo-2-1536x384.png 1536w, https:\/\/wp2023.waytoharmony.de\/wp-content\/uploads\/2025\/02\/01-Hauptlogo-2-2048x512.png 2048w\" sizes=\"(max-width: 4400px) 100vw, 4400px\" \/>\t\t\t\t\t\t\t\t\t\t\t\t\t\t\t<\/div>\n\t\t\t\t<\/div>\n\t\t\t\t\t<\/div>\n\t\t<\/div>\n\t\t\t\t\t<\/div>\n\t\t<\/section>\n\t\t\t\t<section class=\"elementor-section elementor-top-section elementor-element elementor-element-46f6fba elementor-section-boxed elementor-section-height-default elementor-section-height-default\" data-id=\"46f6fba\" data-element_type=\"section\" data-e-type=\"section\">\n\t\t\t\t\t\t<div class=\"elementor-container elementor-column-gap-default\">\n\t\t\t\t\t<div class=\"elementor-column elementor-col-100 elementor-top-column elementor-element elementor-element-eedfd1c\" data-id=\"eedfd1c\" data-element_type=\"column\" data-e-type=\"column\">\n\t\t\t<div class=\"elementor-widget-wrap elementor-element-populated\">\n\t\t\t\t\t\t<div class=\"elementor-element elementor-element-cfe8a4c elementor-widget elementor-widget-heading\" data-id=\"cfe8a4c\" data-element_type=\"widget\" data-e-type=\"widget\" data-widget_type=\"heading.default\">\n\t\t\t\t<div class=\"elementor-widget-container\">\n\t\t\t\t\t<h2 class=\"elementor-heading-title elementor-size-default\">Datenschutz<\/h2>\t\t\t\t<\/div>\n\t\t\t\t<\/div>\n\t\t\t\t\t<\/div>\n\t\t<\/div>\n\t\t\t\t\t<\/div>\n\t\t<\/section>\n\t\t\t\t<section class=\"elementor-section elementor-top-section elementor-element elementor-element-4560fd83 elementor-section-boxed elementor-section-height-default elementor-section-height-default\" data-id=\"4560fd83\" data-element_type=\"section\" data-e-type=\"section\">\n\t\t\t\t\t\t<div class=\"elementor-container elementor-column-gap-default\">\n\t\t\t\t\t<div class=\"elementor-column elementor-col-100 elementor-top-column elementor-element elementor-element-1aa89590\" data-id=\"1aa89590\" data-element_type=\"column\" data-e-type=\"column\">\n\t\t\t<div class=\"elementor-widget-wrap elementor-element-populated\">\n\t\t\t\t\t\t<div class=\"elementor-element elementor-element-b016950 elementor-widget elementor-widget-text-editor\" data-id=\"b016950\" data-element_type=\"widget\" data-e-type=\"widget\" data-widget_type=\"text-editor.default\">\n\t\t\t\t<div class=\"elementor-widget-container\">\n\t\t\t\t\t\t\t\t\t<p><\/p>\n<p>Die Nutzung unserer Seite ist ohne eine Angabe von personenbezogenen Daten m\u00f6glich. F\u00fcr die Nutzung einzelner Services unserer Seite k\u00f6nnen sich hierf\u00fcr abweichende Regelungen ergeben, die in diesem Falle nachstehend gesondert erl\u00e4utert werden. Ihre personenbezogenen Daten (z.B. Name, Anschrift, E-Mail, Telefonnummer, u.\u00e4.) werden von uns nur gem\u00e4\u00df den Bestimmungen des deutschen und europ\u00e4ischen Datenschutzrechts verarbeitet. Daten sind dann personenbezogen, wenn sie eindeutig einer bestimmten nat\u00fcrlichen Person zugeordnet werden k\u00f6nnen. Die rechtlichen Grundlagen des Datenschutzes finden Sie im Bundesdatenschutzgesetz (BDSG), dem Telemediengesetz (TMG) und der Datenschutzgrundverordnung (DSGVO). Nachstehende Regelungen informieren Sie insoweit \u00fcber die Art, den Umfang und Zweck der Erhebung, die Nutzung und die Verarbeitung von personenbezogenen Daten durch den Anbieter.<\/p>\n<p><\/p>\n<p><\/p>\n<h2 class=\"wp-block-heading\">1. Name und Kontaktdaten des f\u00fcr die Verarbeitung Verantwortlichen<\/h2>\n<p><\/p>\n<p><\/p>\n<p><strong>Way to Harmony<\/strong><\/p>\n<p><\/p>\n<p><\/p>\n<p>Mathias Geu\u00df<br \/>Jean-Paul-Str.\u00a019\u00a0<br \/>D-96487 D\u00f6rfles-Esbach<\/p>\n<p><\/p>\n<p><\/p>\n<p>Telefon: 09561 \/ 329388<br \/>E-Mail: info (at) waytoharmony.de<\/p>\n<p><\/p>\n<p><\/p>\n<p><strong>Inhaber\u00a0\u00a0<\/strong>Mathias Geu\u00df<\/p>\n<p><\/p>\n<p><\/p>\n<h2 class=\"wp-block-heading\">2. Erhebung und Speicherung personenbezogener Daten sowie Art und Zweck von deren Verwendung<\/h2>\n<p><\/p>\n<p><\/p>\n<p>a) Beim Besuch der Website<br \/>Beim Aufrufen unserer Website\u00a0<a href=\"http:\/\/www.gespraechsloesungen.de\/\">http:\/\/www.waytoharmony.de<\/a>\u00a0werden durch den auf Ihrem Endger\u00e4t zum Einsatz kommenden Browser automatisch Informationen an den Server unserer Website gesendet. Diese Informationen werden tempor\u00e4r in einem sog. Logfile gespeichert. Folgende Informationen werden dabei ohne Ihr Zutun erfasst und bis zur automatisierten\u00a0L\u00f6schung gespeichert:\u2022 IP-Adresse des anfragenden Rechners,<br \/>\u2022 Datum und Uhrzeit des Zugriffs,<br \/>\u2022 Name und URL der abgerufenen Datei,<br \/>\u2022 Website, von der aus der Zugriff erfolgt (Referrer-URL),<br \/>\u2022 verwendeter Browser und ggf. das Betriebssystem Ihres\u00a0Rechners sowie der Name Ihres Access-Providers.Die genannten Daten werden durch uns zu folgenden\u00a0Zwecken verarbeitet:\u2022 Gew\u00e4hrleistung eines reibungslosen Verbindungsaufbaus\u00a0der Website,<br \/>\u2022 Gew\u00e4hrleistung einer komfortablen Nutzung unserer Website,<br \/>\u2022 Auswertung der Systemsicherheit und -stabilit\u00e4t sowie<br \/>\u2022 zu weiteren administrativen Zwecken. Die Rechtsgrundlage f\u00fcr die Datenverarbeitung ist Art. 6 Abs. 1 S. 1 lit. f DSGVO. Unser berechtigtes Interesse folgt aus oben aufgelisteten Zwecken zur Datenerhebung. In keinem Fall verwenden wir die erhobenen Daten zu dem Zweck, R\u00fcckschl\u00fcsse auf Ihre Person zu ziehen. Dar\u00fcber hinaus setzen wir beim Besuch unserer Website<strong>\u00a0Cookies<\/strong>\u00a0sowie ggf. Analysedienste ein. N\u00e4here Erl\u00e4uterungen dazu erhalten Sie unter den Ziff. 4 und 5 dieser Datenschutzerkl\u00e4rung.b) Bei Nutzung unseres Kontaktformulars. Bei Fragen jeglicher Art bieten wir Ihnen die M\u00f6glichkeit, mit uns \u00fcber ein auf der Website bereitgestelltes Formular Kontakt aufzunehmen. Dabei ist die Angabe einer g\u00fcltigen E-Mail-Adresse erforderlich, damit wir wissen, von wem die Anfrage stammt und um diese beantworten zu k\u00f6nnen. Weitere Angaben k\u00f6nnen freiwillig get\u00e4tigt werden. Die Datenverarbeitung zum Zwecke der Kontaktaufnahme mit uns erfolgt nach Art. 6 Abs. 1 S. 1 lit. a DSGVO auf Grundlage Ihrer freiwillig erteilten Einwilligung. Die f\u00fcr die Benutzung des Kontaktformulars von uns erhobenen personenbezogenen Daten werden nach Erledigung der von Ihnen gestellten Anfrage automatisch gel\u00f6scht.<\/p>\n<p><\/p>\n<p><\/p>\n<h2 class=\"wp-block-heading\">3. Weitergabe von Daten<\/h2>\n<p><\/p>\n<p><\/p>\n<p>Eine \u00dcbermittlung Ihrer pers\u00f6nlichen Daten an Dritte zu anderen als den im Folgenden aufgef\u00fchrten Zwecken findet nicht statt. Wir geben Ihre pers\u00f6nlichen Daten nur an Dritte weiter, wenn:\u2022 Sie Ihre nach Art. 6 Abs. 1 S. 1 lit. a DSGVO ausdr\u00fcckliche Einwilligung dazu erteilt haben,<br \/>\u2022 die Weitergabe nach Art. 6 Abs. 1 S. 1 lit. f DSGVO zur Geltendmachung, Aus\u00fcbung oder Verteidigung von Rechtsanspr\u00fcchen erforderlich ist und kein Grund zur Annahme besteht, dass Sie ein \u00fcberwiegendes schutzw\u00fcrdiges Interesse an der Nichtweitergabe Ihrer Daten haben,<br \/>\u2022 f\u00fcr den Fall, dass f\u00fcr die Weitergabe nach Art. 6 Abs. 1 S. 1 lit. c DSGVO eine gesetzliche Verpflichtung besteht, sowie<br \/>\u2022 dies gesetzlich zul\u00e4ssig und nach Art. 6 Abs. 1 S. 1 lit. b DSGVO f\u00fcr die Abwicklung von Vertragsverh\u00e4ltnissen mit Ihnen erforderlich ist.<\/p>\n<p><\/p>\n<p><\/p>\n<h2 class=\"wp-block-heading\">4. Cookies<\/h2>\n<p><\/p>\n<p><\/p>\n<p>Wir setzen auf unserer Seite Cookies ein. Hierbei handelt es sich um kleine Dateien, die Ihr Browser automatisch erstellt und die auf Ihrem Endger\u00e4t (Laptop, Tablet, Smartphone o.\u00e4.) gespeichert werden, wenn Sie unsere Seite besuchen. Cookies richten auf Ihrem Endger\u00e4t keinen Schaden an, enthalten keine Viren, Trojaner oder sonstige Schadsoftware. In dem Cookie werden Informationen abgelegt, die sich jeweils im Zusammenhang mit dem spezifisch eingesetzten Endger\u00e4t ergeben. Dies bedeutet jedoch nicht, dass wir dadurch unmittelbar Kenntnis von Ihrer Identit\u00e4t erhalten. Der Einsatz von Cookies dient einerseits dazu, die Nutzung unseres Angebots f\u00fcr Sie angenehmer zu gestalten. So setzen wir sogenannte Session-Cookies ein, um zu erkennen, dass Sie einzelne Seiten unserer Website bereits besucht haben. Diese werden nach Verlassen unserer Seite automatisch gel\u00f6scht. Dar\u00fcber hinaus setzen wir ebenfalls zur Optimierung der Benutzerfreundlichkeit tempor\u00e4re Cookies ein, die f\u00fcr einen bestimmten festgelegten Zeitraum auf Ihrem Endger\u00e4t gespeichert werden. Besuchen Sie unsere Seite erneut, um unsere Dienste in Anspruch zu nehmen, wird automatisch erkannt, dass Sie bereits bei uns waren und welche Eingaben und Einstellungen sie get\u00e4tigt haben, um diese nicht noch einmal eingeben zu m\u00fcssen. Zum anderen setzten wir Cookies ein, um die Nutzung unserer Website statistisch zu erfassen und zum Zwecke der Optimierung unseres Angebotes f\u00fcr Sie auszuwerten (siehe Ziff. 5). Diese Cookies erm\u00f6glichen es uns, bei einem erneuten Besuch unserer Seite automatisch zu erkennen, dass Sie bereits bei uns waren. Diese Cookies werden nach einer jeweils definierten Zeit automatisch gel\u00f6scht. Die durch Cookies verarbeiteten Daten sind f\u00fcr die genannten Zwecke zur Wahrung unserer berechtigten Interessen sowie der Dritter nach Art. 6 Abs. 1 S. 1 lit. f DSGVO erforderlich. Die meisten Browser akzeptieren Cookies automatisch. Sie k\u00f6nnen Ihren Browser jedoch so konfigurieren, dass keine Cookies auf Ihrem Computer gespeichert werden oder stets ein Hinweis erscheint, bevor ein neuer Cookie angelegt wird. Die vollst\u00e4ndige Deaktivierung von Cookies kann jedoch dazu f\u00fchren, dass Sie nicht alle Funktionen unserer Website nutzen k\u00f6nnen.<\/p>\n<p>[cmplz-document type=&#8220;cookie-statement&#8220; region=&#8220;eu&#8220;]<\/p>\n<p><\/p>\n<p><\/p>\n<h2 class=\"wp-block-heading\">5. Analyse-Tools bzw. Tracking-Tools<\/h2>\n<p><\/p>\n<p><\/p>\n<p>Wir setzen auf dieser Website weder Analyse- noch Tracking-Tools ein.<\/p>\n<p><\/p>\n<p><\/p>\n<h2 class=\"wp-block-heading\">6. Tools &amp; Plugins<\/h2>\n<p><\/p>\n<p><\/p>\n<p>Wir setzen auf dieser Website auf Grundlage des Art. 6 Abs. 1 S. 1 lit. f DSGVO keine Plugins von sozialen Netzwerken, insbesondere nicht von Facebook ein.<\/p>\n<p><\/p>\n<p><\/p>\n<h2 class=\"wp-block-heading\">Google Web Fonts<\/h2>\n<p><\/p>\n<p><\/p>\n<p>Diese Seite nutzt zur einheitlichen Darstellung von Schriftarten so genannte Web Fonts, die von Google bereitgestellt werden. Beim Aufruf einer Seite l\u00e4dt Ihr Browser die ben\u00f6tigten Web Fonts in ihren Browsercache, um Texte und Schriftarten korrekt anzuzeigen. Zu diesem Zweck muss der von Ihnen verwendete Browser Verbindung zu den Servern von Google aufnehmen. Hierdurch erlangt Google Kenntnis dar\u00fcber, dass \u00fcber Ihre IP-Adresse unsere Website aufgerufen wurde. Die Nutzung von Google Web Fonts erfolgt im Interesse einer einheitlichen und ansprechenden Darstellung unserer Online-Angebote. Dies stellt ein berechtigtes Interesse im Sinne von Art. 6 Abs. 1 lit. f DSGVO dar. Wenn Ihr Browser Web Fonts nicht unterst\u00fctzt, wird eine Standardschrift von Ihrem Computer genutzt. Weitere Informationen zu Google Web Fonts finden Sie unter\u00a0<a href=\"https:\/\/developers.google.com\/fonts\/faq\" target=\"_blank\" rel=\"noreferrer noopener\">https:\/\/developers.google.com\/fonts\/faq<\/a>\u00a0und in der Datenschutzerkl\u00e4rung von Google:\u00a0<a href=\"https:\/\/www.google.com\/policies\/privacy\/\" target=\"_blank\" rel=\"noreferrer noopener\">https:\/\/www.google.com\/policies\/privacy\/<\/a>.<\/p>\n<p><\/p>\n<p><\/p>\n<h2 class=\"wp-block-heading\">Google Maps<\/h2>\n<p><\/p>\n<p><\/p>\n<p>Diese Seite nutzt \u00fcber eine API den Kartendienst Google Maps.\u00a0Anbieter ist die Google Inc., 1600 Amphitheatre Parkway, Mountain View, CA 94043, USA.\u00a0Zur Nutzung der Funktionen von Google Maps ist es notwendig, Ihre IP Adresse zu speichern. Diese Informationen werden in der Regel an einen Server von Google in den USA \u00fcbertragen und dort gespeichert. Der Anbieter dieser Seite hat keinen Einfluss auf diese Daten\u00fcbertragung. Die Nutzung von Google Maps erfolgt im Interesse einer ansprechenden Darstellung unserer Online-Angebote und an einer leichten Auffindbarkeit der von uns auf der Website angegebenen Orte. Dies stellt ein berechtigtes Interesse im Sinne von Art. 6 Abs. 1 lit. f DSGVO dar. Mehr Informationen zum Umgang mit Nutzerdaten finden Sie in der Datenschutzerkl\u00e4rung von Google:\u00a0<a href=\"https:\/\/www.google.de\/intl\/de\/policies\/privacy\/\" target=\"_blank\" rel=\"noreferrer noopener\">https:\/\/www.google.de\/intl\/de\/policies\/privacy\/<\/a>.<\/p>\n<p><\/p>\n<p><\/p>\n<h2 class=\"wp-block-heading\">7. Betroffenenrechte<\/h2>\n<p><\/p>\n<p><\/p>\n<p>Sie haben das Recht:\u2022 gem\u00e4\u00df Art. 15 DSGVO Auskunft \u00fcber Ihre von uns verarbeiteten personenbezogenen Daten zu verlangen. Insbesondere k\u00f6nnen Sie Auskunft \u00fcber die Verarbeitungszwecke, die Kategorie der personenbezogenen Daten, die Kategorien von Empf\u00e4ngern, gegen\u00fcber denen Ihre Daten offengelegt wurden oder werden, die geplante Speicherdauer, das Bestehen eines Rechts auf Berichtigung, L\u00f6schung, Einschr\u00e4nkung der Verarbeitung oder Widerspruch, das Bestehen eines Beschwerderechts, die Herkunft ihrer Daten, sofern diese nicht bei uns erhoben wurden, sowie \u00fcber das Bestehen einer automatisierten Entscheidungsfindung einschlie\u00dflich Profiling und ggf. aussagekr\u00e4ftigen Informationen zu deren Einzelheiten verlangen;<br \/>\u2022 gem\u00e4\u00df Art. 16 DSGVO unverz\u00fcglich die Berichtigung unrichtiger\u00a0oder Vervollst\u00e4ndigung Ihrer bei uns gespeicherten\u00a0personenbezogenen Daten zu verlangen;<br \/>\u2022 gem\u00e4\u00df Art. 17 DSGVO die L\u00f6schung Ihrer bei uns gespeicherten\u00a0personenbezogenen Daten zu verlangen, soweit nicht\u00a0die Verarbeitung zur Aus\u00fcbung des Rechts auf freie Meinungs\u00e4u\u00dferung\u00a0und Information, zur Erf\u00fcllung einer rechtlichen\u00a0Verpflichtung, aus Gr\u00fcnden des \u00f6ffentlichen Interesses\u00a0oder zur Geltendmachung, Aus\u00fcbung oder Verteidigung\u00a0von Rechtsanspr\u00fcchen erforderlich ist;<br \/>\u2022 gem\u00e4\u00df Art. 18 DSGVO die Einschr\u00e4nkung der Verarbeitung\u00a0Ihrer personenbezogenen Daten zu verlangen, soweit\u00a0die Richtigkeit der Daten von Ihnen bestritten wird, die Verarbeitung\u00a0unrechtm\u00e4\u00dfig ist, Sie aber deren L\u00f6schung ablehnen\u00a0und wir die Daten nicht mehr ben\u00f6tigen, Sie jedoch diese\u00a0zur Geltendmachung, Aus\u00fcbung oder Verteidigung von\u00a0Rechtsanspr\u00fcchen ben\u00f6tigen oder Sie gem\u00e4\u00df Art. 21 DSGVO\u00a0Widerspruch gegen die Verarbeitung eingelegt haben;<br \/>\u2022 gem\u00e4\u00df Art. 20 DSGVO Ihre personenbezogenen Daten, die\u00a0Sie uns bereitgestellt haben, in einem strukturierten, g\u00e4ngigen\u00a0und maschinenlesebaren Format zu erhalten oder die \u00dcbermittlung\u00a0an einen anderen Verantwortlichen zu verlangen;<br \/>\u2022 gem\u00e4\u00df Art. 7 Abs. 3 DSGVO Ihre einmal erteilte Einwilligung\u00a0jederzeit gegen\u00fcber uns zu widerrufen. Dies hat zur Folge,\u00a0dass wir die Datenverarbeitung, die auf dieser Einwilligung\u00a0beruhte, f\u00fcr die Zukunft nicht mehr fortf\u00fchren d\u00fcrfen und<br \/>\u2022 gem\u00e4\u00df Art. 77 DSGVO sich bei einer Aufsichtsbeh\u00f6rde zu\u00a0beschweren. In der Regel k\u00f6nnen Sie sich hierf\u00fcr an die Aufsichtsbeh\u00f6rde\u00a0Ihres \u00fcblichen Aufenthaltsortes oder Arbeitsplatzes\u00a0oder unseres Unternehmenssitzes wenden.<\/p>\n<p><\/p>\n<p><\/p>\n<h2 class=\"wp-block-heading\">8. Widerspruchsrecht<\/h2>\n<p><\/p>\n<p><\/p>\n<p>Sofern Ihre personenbezogenen Daten auf Grundlage von berechtigten Interessen gem\u00e4\u00df Art. 6 Abs. 1 S. 1 lit. f DSGVO verarbeitet werden, haben Sie das Recht, gem\u00e4\u00df Art. 21 DSGVO Widerspruch gegen die Verarbeitung Ihrer personenbezogenen Daten einzulegen, soweit daf\u00fcr Gr\u00fcnde vorliegen, die sich aus Ihrer besonderen Situation ergeben oder sich der Widerspruch gegen Direktwerbung richtet. Im letzteren Fall haben Sie ein generelles Widerspruchsrecht, das ohne Angabe einer besonderen Situation von uns umgesetzt wird. M\u00f6chten Sie von Ihrem Widerrufs- oder Widerspruchsrecht Gebrauch machen, gen\u00fcgt eine E-Mail an\u00a0<a href=\"mailto:office@rotter.org\">info<\/a>(at)<a href=\"mailto:office@rotter.org\">waytoharmony<\/a>.de<\/p>\n<p><\/p>\n<p><\/p>\n<h2 class=\"wp-block-heading\">9. Datensicherheit<\/h2>\n<p><\/p>\n<p><\/p>\n<p>Wir bedienen uns im \u00dcbrigen geeigneter technischer und organisatorischer Sicherheitsma\u00dfnahmen, um Ihre Daten gegen zuf\u00e4llige oder vors\u00e4tzliche Manipulationen, teilweisen oder vollst\u00e4ndigen Verlust, Zerst\u00f6rung oder gegen den unbefugten Zugriff Dritter zu sch\u00fctzen. Unsere Sicherheitsma\u00dfnahmen werden entsprechend der technologischen Entwicklung fortlaufend verbessert.<\/p>\n<p><\/p>\n<p><\/p>\n<h2 class=\"wp-block-heading\">10. Aktualit\u00e4t und \u00c4nderung dieser Datenschutzerkl\u00e4rung<\/h2>\n<p><\/p>\n<p><\/p>\n<p>Diese Datenschutzerkl\u00e4rung ist aktuell g\u00fcltig und hat den Stand Mai 2018. Durch die Weiterentwicklung unserer Website und Angebote dar\u00fcber oder aufgrund ge\u00e4nderter gesetzlicher beziehungsweise beh\u00f6rdlicher Vorgaben kann es notwendig werden, diese Datenschutzerkl\u00e4rung zu \u00e4ndern. Die jeweils aktuelle Datenschutzerkl\u00e4rung kann jederzeit auf der Website unter\u00a0<a href=\"http:\/\/www.gespraechsloesungen\/datenschutz\">http:\/\/www.waytoharmony.de\/datenschutz<\/a>\u00a0von Ihnen abgerufen und ausgedruckt werden.\u00a0<strong>Ansprechpartner und weitere Informationen:\u00a0<\/strong>Wenn Sie noch Fragen zum Datenschutz im Zusammenhang mit dieser Internetseite haben, k\u00f6nnen Sie sich an den Herausgeber wenden. Auf Antrag erhalten Sie Auskunft \u00fcber die zu Ihrer Person gespeicherten Daten und k\u00f6nnen unrichtige Daten berichtigen lassen (Art. 10 und 11 Bayer. Datenschutzgesetz). Sofern die gesetzlichen Voraussetzungen vorliegen, k\u00f6nnen Sie auch eine Sperrung oder L\u00f6schung der gespeicherten Daten verlangen (Art. 12 Bayer. Datenschutzgesetz). Weitere Informationen zum Thema Datenschutz finden Sie auch auf den Internetseiten des Bayerischen Landesbeauftragten f\u00fcr den Datenschutz (www.datenschutz-bayern.de).<\/p>\n<p><\/p>\n<p><\/p>\n<ul class=\"wp-block-list\">\n<li style=\"list-style-type: none;\">\n<ul><\/ul>\n<\/li>\n<\/ul>\n<p>\u00a0<\/p>\n<ul>\n<li style=\"list-style-type: none;\">\n<ul>\n<li>\u00a0<\/li>\n<\/ul>\n<\/li>\n<\/ul>\n<p><\/p>\n<p><\/p>\t\t\t\t\t\t\t\t<\/div>\n\t\t\t\t<\/div>\n\t\t\t\t\t<\/div>\n\t\t<\/div>\n\t\t\t\t\t<\/div>\n\t\t<\/section>\n\t\t\t\t<\/div>\n\t\t","protected":false},"excerpt":{"rendered":"<p>Datenschutz Die Nutzung unserer Seite ist ohne eine Angabe von personenbezogenen Daten m\u00f6glich. F\u00fcr die Nutzung einzelner Services unserer Seite k\u00f6nnen sich hierf\u00fcr abweichende Regelungen ergeben, die in diesem Falle [&hellip;]<\/p>\n","protected":false},"author":1,"featured_media":0,"parent":0,"menu_order":0,"comment_status":"closed","ping_status":"closed","template":"","meta":{"ocean_post_layout":"full-screen","ocean_both_sidebars_style":"","ocean_both_sidebars_content_width":0,"ocean_both_sidebars_sidebars_width":0,"ocean_sidebar":"0","ocean_second_sidebar":"0","ocean_disable_margins":"on","ocean_add_body_class":"","ocean_shortcode_before_top_bar":"","ocean_shortcode_after_top_bar":"","ocean_shortcode_before_header":"","ocean_shortcode_after_header":"","ocean_has_shortcode":"","ocean_shortcode_after_title":"","ocean_shortcode_before_footer_widgets":"","ocean_shortcode_after_footer_widgets":"","ocean_shortcode_before_footer_bottom":"","ocean_shortcode_after_footer_bottom":"","ocean_display_top_bar":"on","ocean_display_header":"off","ocean_header_style":"","ocean_center_header_left_menu":"0","ocean_custom_header_template":"0","ocean_custom_logo":0,"ocean_custom_retina_logo":0,"ocean_custom_logo_max_width":0,"ocean_custom_logo_tablet_max_width":0,"ocean_custom_logo_mobile_max_width":0,"ocean_custom_logo_max_height":0,"ocean_custom_logo_tablet_max_height":0,"ocean_custom_logo_mobile_max_height":0,"ocean_header_custom_menu":"3","ocean_menu_typo_font_family":"0","ocean_menu_typo_font_subset":"","ocean_menu_typo_font_size":0,"ocean_menu_typo_font_size_tablet":0,"ocean_menu_typo_font_size_mobile":0,"ocean_menu_typo_font_size_unit":"px","ocean_menu_typo_font_weight":"","ocean_menu_typo_font_weight_tablet":"","ocean_menu_typo_font_weight_mobile":"","ocean_menu_typo_transform":"","ocean_menu_typo_transform_tablet":"","ocean_menu_typo_transform_mobile":"","ocean_menu_typo_line_height":0,"ocean_menu_typo_line_height_tablet":0,"ocean_menu_typo_line_height_mobile":0,"ocean_menu_typo_line_height_unit":"","ocean_menu_typo_spacing":0,"ocean_menu_typo_spacing_tablet":0,"ocean_menu_typo_spacing_mobile":0,"ocean_menu_typo_spacing_unit":"","ocean_menu_link_color":"","ocean_menu_link_color_hover":"","ocean_menu_link_color_active":"","ocean_menu_link_background":"","ocean_menu_link_hover_background":"","ocean_menu_link_active_background":"","ocean_menu_social_links_bg":"","ocean_menu_social_hover_links_bg":"","ocean_menu_social_links_color":"","ocean_menu_social_hover_links_color":"","ocean_disable_title":"on","ocean_disable_heading":"enable","ocean_post_title":"","ocean_post_subheading":"","ocean_post_title_style":"","ocean_post_title_background_color":"","ocean_post_title_background":0,"ocean_post_title_bg_image_position":"","ocean_post_title_bg_image_attachment":"","ocean_post_title_bg_image_repeat":"","ocean_post_title_bg_image_size":"","ocean_post_title_height":0,"ocean_post_title_bg_overlay":0.5,"ocean_post_title_bg_overlay_color":"","ocean_disable_breadcrumbs":"off","ocean_breadcrumbs_color":"","ocean_breadcrumbs_separator_color":"","ocean_breadcrumbs_links_color":"","ocean_breadcrumbs_links_hover_color":"","ocean_display_footer_widgets":"on","ocean_display_footer_bottom":"on","ocean_custom_footer_template":"0","footnotes":""},"class_list":["post-25","page","type-page","status-publish","hentry","entry"],"_links":{"self":[{"href":"https:\/\/wp2023.waytoharmony.de\/Home\/wp-json\/wp\/v2\/pages\/25","targetHints":{"allow":["GET"]}}],"collection":[{"href":"https:\/\/wp2023.waytoharmony.de\/Home\/wp-json\/wp\/v2\/pages"}],"about":[{"href":"https:\/\/wp2023.waytoharmony.de\/Home\/wp-json\/wp\/v2\/types\/page"}],"author":[{"embeddable":true,"href":"https:\/\/wp2023.waytoharmony.de\/Home\/wp-json\/wp\/v2\/users\/1"}],"replies":[{"embeddable":true,"href":"https:\/\/wp2023.waytoharmony.de\/Home\/wp-json\/wp\/v2\/comments?post=25"}],"version-history":[{"count":10,"href":"https:\/\/wp2023.waytoharmony.de\/Home\/wp-json\/wp\/v2\/pages\/25\/revisions"}],"predecessor-version":[{"id":2394,"href":"https:\/\/wp2023.waytoharmony.de\/Home\/wp-json\/wp\/v2\/pages\/25\/revisions\/2394"}],"wp:attachment":[{"href":"https:\/\/wp2023.waytoharmony.de\/Home\/wp-json\/wp\/v2\/media?parent=25"}],"curies":[{"name":"wp","href":"https:\/\/api.w.org\/{rel}","templated":true}]}}