{"id":184,"date":"2023-03-18T15:19:17","date_gmt":"2023-03-18T14:19:17","guid":{"rendered":"http:\/\/wp2023.waytoharmony.de\/Home\/?page_id=184"},"modified":"2025-02-25T18:00:57","modified_gmt":"2025-02-25T17:00:57","slug":"raeuchern-raumreinigung-mit-raeucherwerk","status":"publish","type":"page","link":"https:\/\/wp2023.waytoharmony.de\/Home\/raeuchern-raumreinigung-mit-raeucherwerk\/","title":{"rendered":"R\u00e4uchern &#8211; Raumreinigung mit R\u00e4ucherwerk"},"content":{"rendered":"\t\t<div data-elementor-type=\"wp-page\" data-elementor-id=\"184\" class=\"elementor elementor-184\">\n\t\t\t\t\t\t<section class=\"elementor-section elementor-top-section elementor-element elementor-element-6168f70 elementor-section-full_width elementor-section-height-default elementor-section-height-default\" data-id=\"6168f70\" data-element_type=\"section\" data-e-type=\"section\">\n\t\t\t\t\t\t<div class=\"elementor-container elementor-column-gap-default\">\n\t\t\t\t\t<div class=\"elementor-column elementor-col-100 elementor-top-column elementor-element elementor-element-58546cd\" data-id=\"58546cd\" data-element_type=\"column\" data-e-type=\"column\">\n\t\t\t<div class=\"elementor-widget-wrap elementor-element-populated\">\n\t\t\t\t\t\t<div class=\"elementor-element elementor-element-39cb0c0 elementor-widget elementor-widget-image\" data-id=\"39cb0c0\" data-element_type=\"widget\" data-e-type=\"widget\" data-widget_type=\"image.default\">\n\t\t\t\t<div class=\"elementor-widget-container\">\n\t\t\t\t\t\t\t\t\t\t\t\t\t\t\t<img fetchpriority=\"high\" decoding=\"async\" width=\"4400\" height=\"1100\" src=\"https:\/\/wp2023.waytoharmony.de\/wp-content\/uploads\/2025\/02\/Raeuchern-1.png\" class=\"attachment-full size-full wp-image-2320\" alt=\"\" srcset=\"https:\/\/wp2023.waytoharmony.de\/wp-content\/uploads\/2025\/02\/Raeuchern-1.png 4400w, https:\/\/wp2023.waytoharmony.de\/wp-content\/uploads\/2025\/02\/Raeuchern-1-300x75.png 300w, https:\/\/wp2023.waytoharmony.de\/wp-content\/uploads\/2025\/02\/Raeuchern-1-1024x256.png 1024w, https:\/\/wp2023.waytoharmony.de\/wp-content\/uploads\/2025\/02\/Raeuchern-1-768x192.png 768w, https:\/\/wp2023.waytoharmony.de\/wp-content\/uploads\/2025\/02\/Raeuchern-1-1536x384.png 1536w, https:\/\/wp2023.waytoharmony.de\/wp-content\/uploads\/2025\/02\/Raeuchern-1-2048x512.png 2048w\" sizes=\"(max-width: 4400px) 100vw, 4400px\" \/>\t\t\t\t\t\t\t\t\t\t\t\t\t\t\t<\/div>\n\t\t\t\t<\/div>\n\t\t\t\t\t<\/div>\n\t\t<\/div>\n\t\t\t\t\t<\/div>\n\t\t<\/section>\n\t\t\t\t<section class=\"elementor-section elementor-top-section elementor-element elementor-element-76fe390 elementor-section-boxed elementor-section-height-default elementor-section-height-default\" data-id=\"76fe390\" data-element_type=\"section\" data-e-type=\"section\" data-settings=\"{&quot;background_background&quot;:&quot;classic&quot;}\">\n\t\t\t\t\t\t<div class=\"elementor-container elementor-column-gap-default\">\n\t\t\t\t\t<div class=\"elementor-column elementor-col-100 elementor-top-column elementor-element elementor-element-fd3fbe0\" data-id=\"fd3fbe0\" data-element_type=\"column\" data-e-type=\"column\">\n\t\t\t<div class=\"elementor-widget-wrap elementor-element-populated\">\n\t\t\t\t\t\t<div class=\"elementor-element elementor-element-1447793 elementor-widget elementor-widget-text-editor\" data-id=\"1447793\" data-element_type=\"widget\" data-e-type=\"widget\" data-widget_type=\"text-editor.default\">\n\t\t\t\t<div class=\"elementor-widget-container\">\n\t\t\t\t\t\t\t\t\t<h2><span style=\"color: #ffffff;\"><a style=\"color: #ffffff;\" href=\"\/raeuchern-raumreinigung-mit-raeucherwerk\/\">R\u00e4uchern<\/a><\/span><\/h2>\t\t\t\t\t\t\t\t<\/div>\n\t\t\t\t<\/div>\n\t\t\t\t\t<\/div>\n\t\t<\/div>\n\t\t\t\t\t<\/div>\n\t\t<\/section>\n\t\t\t\t<section class=\"elementor-section elementor-top-section elementor-element elementor-element-393426b elementor-section-boxed elementor-section-height-default elementor-section-height-default\" data-id=\"393426b\" data-element_type=\"section\" data-e-type=\"section\" data-settings=\"{&quot;background_background&quot;:&quot;classic&quot;}\">\n\t\t\t\t\t\t<div class=\"elementor-container elementor-column-gap-default\">\n\t\t\t\t\t<div class=\"elementor-column elementor-col-100 elementor-top-column elementor-element elementor-element-cc2b0b0\" data-id=\"cc2b0b0\" data-element_type=\"column\" data-e-type=\"column\">\n\t\t\t<div class=\"elementor-widget-wrap elementor-element-populated\">\n\t\t\t\t\t\t<div class=\"elementor-element elementor-element-07c3d1e elementor-widget elementor-widget-text-editor\" data-id=\"07c3d1e\" data-element_type=\"widget\" data-e-type=\"widget\" data-widget_type=\"text-editor.default\">\n\t\t\t\t<div class=\"elementor-widget-container\">\n\t\t\t\t\t\t\t\t\t<h6><a href=\"\/raeuchern-raeuchern-mit-raeucherwerk\/\"><span style=\"color: #ffffff;\">R\u00e4uchern mit R\u00e4ucherwerk<\/span><\/a><\/h6>\t\t\t\t\t\t\t\t<\/div>\n\t\t\t\t<\/div>\n\t\t\t\t\t<\/div>\n\t\t<\/div>\n\t\t\t\t\t<\/div>\n\t\t<\/section>\n\t\t\t\t<section class=\"elementor-section elementor-top-section elementor-element elementor-element-f566997 elementor-section-boxed elementor-section-height-default elementor-section-height-default\" data-id=\"f566997\" data-element_type=\"section\" data-e-type=\"section\">\n\t\t\t\t\t\t<div class=\"elementor-container elementor-column-gap-default\">\n\t\t\t\t\t<div class=\"elementor-column elementor-col-100 elementor-top-column elementor-element elementor-element-684af14\" data-id=\"684af14\" data-element_type=\"column\" data-e-type=\"column\">\n\t\t\t<div class=\"elementor-widget-wrap elementor-element-populated\">\n\t\t\t\t\t\t<div class=\"elementor-element elementor-element-c69ba2b elementor-widget elementor-widget-text-editor\" data-id=\"c69ba2b\" data-element_type=\"widget\" data-e-type=\"widget\" data-widget_type=\"text-editor.default\">\n\t\t\t\t<div class=\"elementor-widget-container\">\n\t\t\t\t\t\t\t\t\t<h2>R\u00e4ucherwerk<\/h2>\t\t\t\t\t\t\t\t<\/div>\n\t\t\t\t<\/div>\n\t\t\t\t\t<\/div>\n\t\t<\/div>\n\t\t\t\t\t<\/div>\n\t\t<\/section>\n\t\t\t\t<section class=\"elementor-section elementor-top-section elementor-element elementor-element-4c951de elementor-section-boxed elementor-section-height-default elementor-section-height-default\" data-id=\"4c951de\" data-element_type=\"section\" data-e-type=\"section\">\n\t\t\t\t\t\t<div class=\"elementor-container elementor-column-gap-default\">\n\t\t\t\t\t<div class=\"elementor-column elementor-col-100 elementor-top-column elementor-element elementor-element-22ebd25\" data-id=\"22ebd25\" data-element_type=\"column\" data-e-type=\"column\">\n\t\t\t<div class=\"elementor-widget-wrap elementor-element-populated\">\n\t\t\t\t\t\t<div class=\"elementor-element elementor-element-b768893 elementor-widget elementor-widget-image\" data-id=\"b768893\" data-element_type=\"widget\" data-e-type=\"widget\" data-widget_type=\"image.default\">\n\t\t\t\t<div class=\"elementor-widget-container\">\n\t\t\t\t\t\t\t\t\t\t\t\t\t\t\t<img decoding=\"async\" width=\"761\" height=\"849\" src=\"https:\/\/wp2023.waytoharmony.de\/wp-content\/uploads\/2023\/04\/Raumreinigung-mit-Raeucherwerk.jpg\" class=\"attachment-large size-large wp-image-1085\" alt=\"\" srcset=\"https:\/\/wp2023.waytoharmony.de\/wp-content\/uploads\/2023\/04\/Raumreinigung-mit-Raeucherwerk.jpg 761w, https:\/\/wp2023.waytoharmony.de\/wp-content\/uploads\/2023\/04\/Raumreinigung-mit-Raeucherwerk-269x300.jpg 269w\" sizes=\"(max-width: 761px) 100vw, 761px\" \/>\t\t\t\t\t\t\t\t\t\t\t\t\t\t\t<\/div>\n\t\t\t\t<\/div>\n\t\t\t\t\t<\/div>\n\t\t<\/div>\n\t\t\t\t\t<\/div>\n\t\t<\/section>\n\t\t\t\t<\/div>\n\t\t","protected":false},"excerpt":{"rendered":"<p>R\u00e4uchern R\u00e4uchern mit R\u00e4ucherwerk R\u00e4ucherwerk<\/p>\n","protected":false},"author":1,"featured_media":0,"parent":0,"menu_order":0,"comment_status":"closed","ping_status":"closed","template":"","meta":{"ocean_post_layout":"full-width","ocean_both_sidebars_style":"","ocean_both_sidebars_content_width":0,"ocean_both_sidebars_sidebars_width":0,"ocean_sidebar":"0","ocean_second_sidebar":"0","ocean_disable_margins":"on","ocean_add_body_class":"","ocean_shortcode_before_top_bar":"","ocean_shortcode_after_top_bar":"","ocean_shortcode_before_header":"","ocean_shortcode_after_header":"","ocean_has_shortcode":"","ocean_shortcode_after_title":"","ocean_shortcode_before_footer_widgets":"","ocean_shortcode_after_footer_widgets":"","ocean_shortcode_before_footer_bottom":"","ocean_shortcode_after_footer_bottom":"","ocean_display_top_bar":"on","ocean_display_header":"off","ocean_header_style":"","ocean_center_header_left_menu":"0","ocean_custom_header_template":"0","ocean_custom_logo":185,"ocean_custom_retina_logo":0,"ocean_custom_logo_max_width":0,"ocean_custom_logo_tablet_max_width":0,"ocean_custom_logo_mobile_max_width":0,"ocean_custom_logo_max_height":0,"ocean_custom_logo_tablet_max_height":0,"ocean_custom_logo_mobile_max_height":0,"ocean_header_custom_menu":"3","ocean_menu_typo_font_family":"0","ocean_menu_typo_font_subset":"","ocean_menu_typo_font_size":0,"ocean_menu_typo_font_size_tablet":0,"ocean_menu_typo_font_size_mobile":0,"ocean_menu_typo_font_size_unit":"px","ocean_menu_typo_font_weight":"","ocean_menu_typo_font_weight_tablet":"","ocean_menu_typo_font_weight_mobile":"","ocean_menu_typo_transform":"","ocean_menu_typo_transform_tablet":"","ocean_menu_typo_transform_mobile":"","ocean_menu_typo_line_height":0,"ocean_menu_typo_line_height_tablet":0,"ocean_menu_typo_line_height_mobile":0,"ocean_menu_typo_line_height_unit":"","ocean_menu_typo_spacing":0,"ocean_menu_typo_spacing_tablet":0,"ocean_menu_typo_spacing_mobile":0,"ocean_menu_typo_spacing_unit":"","ocean_menu_link_color":"","ocean_menu_link_color_hover":"","ocean_menu_link_color_active":"","ocean_menu_link_background":"","ocean_menu_link_hover_background":"","ocean_menu_link_active_background":"","ocean_menu_social_links_bg":"","ocean_menu_social_hover_links_bg":"","ocean_menu_social_links_color":"","ocean_menu_social_hover_links_color":"","ocean_disable_title":"on","ocean_disable_heading":"enable","ocean_post_title":"","ocean_post_subheading":"","ocean_post_title_style":"","ocean_post_title_background_color":"","ocean_post_title_background":0,"ocean_post_title_bg_image_position":"","ocean_post_title_bg_image_attachment":"","ocean_post_title_bg_image_repeat":"","ocean_post_title_bg_image_size":"","ocean_post_title_height":0,"ocean_post_title_bg_overlay":0.5,"ocean_post_title_bg_overlay_color":"","ocean_disable_breadcrumbs":"off","ocean_breadcrumbs_color":"","ocean_breadcrumbs_separator_color":"","ocean_breadcrumbs_links_color":"","ocean_breadcrumbs_links_hover_color":"","ocean_display_footer_widgets":"on","ocean_display_footer_bottom":"on","ocean_custom_footer_template":"0","footnotes":""},"class_list":["post-184","page","type-page","status-publish","hentry","entry"],"_links":{"self":[{"href":"https:\/\/wp2023.waytoharmony.de\/Home\/wp-json\/wp\/v2\/pages\/184","targetHints":{"allow":["GET"]}}],"collection":[{"href":"https:\/\/wp2023.waytoharmony.de\/Home\/wp-json\/wp\/v2\/pages"}],"about":[{"href":"https:\/\/wp2023.waytoharmony.de\/Home\/wp-json\/wp\/v2\/types\/page"}],"author":[{"embeddable":true,"href":"https:\/\/wp2023.waytoharmony.de\/Home\/wp-json\/wp\/v2\/users\/1"}],"replies":[{"embeddable":true,"href":"https:\/\/wp2023.waytoharmony.de\/Home\/wp-json\/wp\/v2\/comments?post=184"}],"version-history":[{"count":10,"href":"https:\/\/wp2023.waytoharmony.de\/Home\/wp-json\/wp\/v2\/pages\/184\/revisions"}],"predecessor-version":[{"id":2424,"href":"https:\/\/wp2023.waytoharmony.de\/Home\/wp-json\/wp\/v2\/pages\/184\/revisions\/2424"}],"wp:attachment":[{"href":"https:\/\/wp2023.waytoharmony.de\/Home\/wp-json\/wp\/v2\/media?parent=184"}],"curies":[{"name":"wp","href":"https:\/\/api.w.org\/{rel}","templated":true}]}}