{"id":178,"date":"2023-03-18T14:58:50","date_gmt":"2023-03-18T13:58:50","guid":{"rendered":"http:\/\/wp2023.waytoharmony.de\/Home\/?page_id=178"},"modified":"2025-02-25T18:01:42","modified_gmt":"2025-02-25T17:01:42","slug":"reiki-was-ist-gesundheitspraktisches-reiki","status":"publish","type":"page","link":"https:\/\/wp2023.waytoharmony.de\/Home\/reiki-was-ist-gesundheitspraktisches-reiki\/","title":{"rendered":"Reiki &#8211; Was ist gesundheitspraktisches Reiki"},"content":{"rendered":"\t\t<div data-elementor-type=\"wp-page\" data-elementor-id=\"178\" class=\"elementor elementor-178\">\n\t\t\t\t\t\t<section class=\"elementor-section elementor-top-section elementor-element elementor-element-fb98a54 elementor-section-full_width elementor-section-height-default elementor-section-height-default\" data-id=\"fb98a54\" data-element_type=\"section\" data-e-type=\"section\">\n\t\t\t\t\t\t<div class=\"elementor-container elementor-column-gap-default\">\n\t\t\t\t\t<div class=\"elementor-column elementor-col-100 elementor-top-column elementor-element elementor-element-f802644\" data-id=\"f802644\" data-element_type=\"column\" data-e-type=\"column\">\n\t\t\t<div class=\"elementor-widget-wrap elementor-element-populated\">\n\t\t\t\t\t\t<div class=\"elementor-element elementor-element-8ae6611 elementor-widget elementor-widget-image\" data-id=\"8ae6611\" data-element_type=\"widget\" data-e-type=\"widget\" data-widget_type=\"image.default\">\n\t\t\t\t<div class=\"elementor-widget-container\">\n\t\t\t\t\t\t\t\t\t\t\t\t\t\t\t<img fetchpriority=\"high\" decoding=\"async\" width=\"4400\" height=\"1100\" src=\"https:\/\/wp2023.waytoharmony.de\/wp-content\/uploads\/2025\/02\/REIKI-1.png\" class=\"attachment-full size-full wp-image-2319\" alt=\"\" srcset=\"https:\/\/wp2023.waytoharmony.de\/wp-content\/uploads\/2025\/02\/REIKI-1.png 4400w, https:\/\/wp2023.waytoharmony.de\/wp-content\/uploads\/2025\/02\/REIKI-1-300x75.png 300w, https:\/\/wp2023.waytoharmony.de\/wp-content\/uploads\/2025\/02\/REIKI-1-1024x256.png 1024w, https:\/\/wp2023.waytoharmony.de\/wp-content\/uploads\/2025\/02\/REIKI-1-768x192.png 768w, https:\/\/wp2023.waytoharmony.de\/wp-content\/uploads\/2025\/02\/REIKI-1-1536x384.png 1536w, https:\/\/wp2023.waytoharmony.de\/wp-content\/uploads\/2025\/02\/REIKI-1-2048x512.png 2048w\" sizes=\"(max-width: 4400px) 100vw, 4400px\" \/>\t\t\t\t\t\t\t\t\t\t\t\t\t\t\t<\/div>\n\t\t\t\t<\/div>\n\t\t\t\t\t<\/div>\n\t\t<\/div>\n\t\t\t\t\t<\/div>\n\t\t<\/section>\n\t\t\t\t<section class=\"elementor-section elementor-top-section elementor-element elementor-element-74a0971 elementor-section-boxed elementor-section-height-default elementor-section-height-default\" data-id=\"74a0971\" data-element_type=\"section\" data-e-type=\"section\" data-settings=\"{&quot;background_background&quot;:&quot;classic&quot;}\">\n\t\t\t\t\t\t<div class=\"elementor-container elementor-column-gap-default\">\n\t\t\t\t\t<div class=\"elementor-column elementor-col-100 elementor-top-column elementor-element elementor-element-487b949\" data-id=\"487b949\" data-element_type=\"column\" data-e-type=\"column\">\n\t\t\t<div class=\"elementor-widget-wrap elementor-element-populated\">\n\t\t\t\t\t\t<div class=\"elementor-element elementor-element-fb72f38 elementor-widget elementor-widget-text-editor\" data-id=\"fb72f38\" data-element_type=\"widget\" data-e-type=\"widget\" data-widget_type=\"text-editor.default\">\n\t\t\t\t<div class=\"elementor-widget-container\">\n\t\t\t\t\t\t\t\t\t<h2><a href=\"\/reiki-was-ist-gesundheitspraktisches-reiki\/\"><span style=\"color: #ffffff;\">Reiki<\/span><\/a><\/h2>\t\t\t\t\t\t\t\t<\/div>\n\t\t\t\t<\/div>\n\t\t\t\t\t<\/div>\n\t\t<\/div>\n\t\t\t\t\t<\/div>\n\t\t<\/section>\n\t\t\t\t<section class=\"elementor-section elementor-top-section elementor-element elementor-element-b96caa2 elementor-section-boxed elementor-section-height-default elementor-section-height-default\" data-id=\"b96caa2\" data-element_type=\"section\" data-e-type=\"section\" data-settings=\"{&quot;background_background&quot;:&quot;classic&quot;}\">\n\t\t\t\t\t\t<div class=\"elementor-container elementor-column-gap-default\">\n\t\t\t\t\t<div class=\"elementor-column elementor-col-100 elementor-top-column elementor-element elementor-element-ad9a6e8\" data-id=\"ad9a6e8\" data-element_type=\"column\" data-e-type=\"column\">\n\t\t\t<div class=\"elementor-widget-wrap elementor-element-populated\">\n\t\t\t\t\t\t<div class=\"elementor-element elementor-element-22eb806 elementor-widget elementor-widget-text-editor\" data-id=\"22eb806\" data-element_type=\"widget\" data-e-type=\"widget\" data-widget_type=\"text-editor.default\">\n\t\t\t\t<div class=\"elementor-widget-container\">\n\t\t\t\t\t\t\t\t\t<h6 style=\"text-align: left;\"><span style=\"color: #ffffff;\"><a style=\"color: #ffffff;\" href=\"\/reiki-gesundheitspraktisches-reiki-anwendung\"><strong>Gesundheitspraktische Anwendung<\/strong><\/a><\/span><\/h6>\t\t\t\t\t\t\t\t<\/div>\n\t\t\t\t<\/div>\n\t\t\t\t\t<\/div>\n\t\t<\/div>\n\t\t\t\t\t<\/div>\n\t\t<\/section>\n\t\t\t\t<section class=\"elementor-section elementor-top-section elementor-element elementor-element-1b59880 elementor-section-boxed elementor-section-height-default elementor-section-height-default\" data-id=\"1b59880\" data-element_type=\"section\" data-e-type=\"section\">\n\t\t\t\t\t\t<div class=\"elementor-container elementor-column-gap-default\">\n\t\t\t\t\t<div class=\"elementor-column elementor-col-100 elementor-top-column elementor-element elementor-element-4eab6b7\" data-id=\"4eab6b7\" data-element_type=\"column\" data-e-type=\"column\">\n\t\t\t<div class=\"elementor-widget-wrap elementor-element-populated\">\n\t\t\t\t\t\t<div class=\"elementor-element elementor-element-e529c56 elementor-widget elementor-widget-text-editor\" data-id=\"e529c56\" data-element_type=\"widget\" data-e-type=\"widget\" data-widget_type=\"text-editor.default\">\n\t\t\t\t<div class=\"elementor-widget-container\">\n\t\t\t\t\t\t\t\t\t<h2>Was ist gesundheitspraktisches Reiki<\/h2>\t\t\t\t\t\t\t\t<\/div>\n\t\t\t\t<\/div>\n\t\t\t\t\t<\/div>\n\t\t<\/div>\n\t\t\t\t\t<\/div>\n\t\t<\/section>\n\t\t\t\t<section class=\"elementor-section elementor-top-section elementor-element elementor-element-38e4142 elementor-section-boxed elementor-section-height-default elementor-section-height-default\" data-id=\"38e4142\" data-element_type=\"section\" data-e-type=\"section\">\n\t\t\t\t\t\t<div class=\"elementor-container elementor-column-gap-default\">\n\t\t\t\t\t<div class=\"elementor-column elementor-col-100 elementor-top-column elementor-element elementor-element-398fcdc\" data-id=\"398fcdc\" data-element_type=\"column\" data-e-type=\"column\">\n\t\t\t<div class=\"elementor-widget-wrap elementor-element-populated\">\n\t\t\t\t\t\t<div class=\"elementor-element elementor-element-5775efa elementor-widget elementor-widget-text-editor\" data-id=\"5775efa\" data-element_type=\"widget\" data-e-type=\"widget\" data-widget_type=\"text-editor.default\">\n\t\t\t\t<div class=\"elementor-widget-container\">\n\t\t\t\t\t\t\t\t\t<p>Reiki ist eine Methode, zur Aktivierung der Lebensenergie und f\u00f6rdert den harmonischen Ausgleich im K\u00f6rper, um \u00e4rztliche und physiotherapeutische Ma\u00dfnahmen zu unterst\u00fctzen.<br \/><br \/>Mit Reiki k\u00f6nnen Probleme im Energiefluss in den Meridianen gel\u00f6st, sowie seelische und gesundheitliche Probleme in Ihrer Behandlung unterst\u00fctzt werden.<br \/><br \/>Lehnen Sie sich in meinen Reiki \u2013 Sitzungen entspannt zur\u00fcck und lassen Sie sich wieder in Einklang bringen.<br \/><br \/>Ich f\u00fchre die Reiki \u2013 Sitzungen je nach Vereinbarung bei Ihnen privat oder in meinen R\u00e4umen durch.<br \/><br \/>Diese\u00a0 Methode ist sehr gut geeignet f\u00fcr Menschen, die der Meinung sind, Ihnen sei ihre Lebensenergie abhanden gekommen.<br \/><br \/>Wenn Sie Reiki selber erlernen m\u00f6chten, biete ich Seminare an, welche in unterschiedlichen Stufen aufgebaut sind.<br \/>Die Reiki \u2013 Energie bewusst einzusetzen, ist jedem Menschen m\u00f6glich und kann als harmonisierende und unterst\u00fctzende Kraft durch Ihre H\u00e4nde flie\u00dfen.<br \/><br \/>Somit k\u00f6nnen Sie sich und andere sehr effektiv unterst\u00fctzen.<\/p>\t\t\t\t\t\t\t\t<\/div>\n\t\t\t\t<\/div>\n\t\t\t\t\t<\/div>\n\t\t<\/div>\n\t\t\t\t\t<\/div>\n\t\t<\/section>\n\t\t\t\t<section class=\"elementor-section elementor-top-section elementor-element elementor-element-113f336 elementor-section-boxed elementor-section-height-default elementor-section-height-default\" data-id=\"113f336\" data-element_type=\"section\" data-e-type=\"section\">\n\t\t\t\t\t\t<div class=\"elementor-container elementor-column-gap-default\">\n\t\t\t\t\t<div class=\"elementor-column elementor-col-100 elementor-top-column elementor-element elementor-element-5f5b123\" data-id=\"5f5b123\" data-element_type=\"column\" data-e-type=\"column\">\n\t\t\t<div class=\"elementor-widget-wrap elementor-element-populated\">\n\t\t\t\t\t\t<div class=\"elementor-element elementor-element-3f9247a elementor-widget elementor-widget-image\" data-id=\"3f9247a\" data-element_type=\"widget\" data-e-type=\"widget\" data-widget_type=\"image.default\">\n\t\t\t\t<div class=\"elementor-widget-container\">\n\t\t\t\t\t\t\t\t\t\t\t\t\t\t\t<img decoding=\"async\" width=\"1024\" height=\"686\" src=\"https:\/\/wp2023.waytoharmony.de\/wp-content\/uploads\/2023\/04\/reiki-1024x686.jpg\" class=\"attachment-large size-large wp-image-1066\" alt=\"\" srcset=\"https:\/\/wp2023.waytoharmony.de\/wp-content\/uploads\/2023\/04\/reiki-1024x686.jpg 1024w, https:\/\/wp2023.waytoharmony.de\/wp-content\/uploads\/2023\/04\/reiki-300x201.jpg 300w, https:\/\/wp2023.waytoharmony.de\/wp-content\/uploads\/2023\/04\/reiki-768x514.jpg 768w, https:\/\/wp2023.waytoharmony.de\/wp-content\/uploads\/2023\/04\/reiki.jpg 1195w\" sizes=\"(max-width: 1024px) 100vw, 1024px\" \/>\t\t\t\t\t\t\t\t\t\t\t\t\t\t\t<\/div>\n\t\t\t\t<\/div>\n\t\t\t\t\t<\/div>\n\t\t<\/div>\n\t\t\t\t\t<\/div>\n\t\t<\/section>\n\t\t\t\t<\/div>\n\t\t","protected":false},"excerpt":{"rendered":"<p>Reiki Gesundheitspraktische Anwendung Was ist gesundheitspraktisches Reiki Reiki ist eine Methode, zur Aktivierung der Lebensenergie und f\u00f6rdert den harmonischen Ausgleich im K\u00f6rper, um \u00e4rztliche und physiotherapeutische Ma\u00dfnahmen zu unterst\u00fctzen. Mit [&hellip;]<\/p>\n","protected":false},"author":1,"featured_media":0,"parent":0,"menu_order":0,"comment_status":"closed","ping_status":"closed","template":"","meta":{"ocean_post_layout":"full-width","ocean_both_sidebars_style":"","ocean_both_sidebars_content_width":0,"ocean_both_sidebars_sidebars_width":0,"ocean_sidebar":"0","ocean_second_sidebar":"0","ocean_disable_margins":"on","ocean_add_body_class":"","ocean_shortcode_before_top_bar":"","ocean_shortcode_after_top_bar":"","ocean_shortcode_before_header":"","ocean_shortcode_after_header":"","ocean_has_shortcode":"","ocean_shortcode_after_title":"","ocean_shortcode_before_footer_widgets":"","ocean_shortcode_after_footer_widgets":"","ocean_shortcode_before_footer_bottom":"","ocean_shortcode_after_footer_bottom":"","ocean_display_top_bar":"on","ocean_display_header":"off","ocean_header_style":"","ocean_center_header_left_menu":"0","ocean_custom_header_template":"0","ocean_custom_logo":177,"ocean_custom_retina_logo":0,"ocean_custom_logo_max_width":0,"ocean_custom_logo_tablet_max_width":0,"ocean_custom_logo_mobile_max_width":0,"ocean_custom_logo_max_height":0,"ocean_custom_logo_tablet_max_height":0,"ocean_custom_logo_mobile_max_height":0,"ocean_header_custom_menu":"3","ocean_menu_typo_font_family":"0","ocean_menu_typo_font_subset":"","ocean_menu_typo_font_size":0,"ocean_menu_typo_font_size_tablet":0,"ocean_menu_typo_font_size_mobile":0,"ocean_menu_typo_font_size_unit":"px","ocean_menu_typo_font_weight":"","ocean_menu_typo_font_weight_tablet":"","ocean_menu_typo_font_weight_mobile":"","ocean_menu_typo_transform":"","ocean_menu_typo_transform_tablet":"","ocean_menu_typo_transform_mobile":"","ocean_menu_typo_line_height":0,"ocean_menu_typo_line_height_tablet":0,"ocean_menu_typo_line_height_mobile":0,"ocean_menu_typo_line_height_unit":"","ocean_menu_typo_spacing":0,"ocean_menu_typo_spacing_tablet":0,"ocean_menu_typo_spacing_mobile":0,"ocean_menu_typo_spacing_unit":"","ocean_menu_link_color":"","ocean_menu_link_color_hover":"","ocean_menu_link_color_active":"","ocean_menu_link_background":"","ocean_menu_link_hover_background":"","ocean_menu_link_active_background":"","ocean_menu_social_links_bg":"","ocean_menu_social_hover_links_bg":"","ocean_menu_social_links_color":"","ocean_menu_social_hover_links_color":"","ocean_disable_title":"on","ocean_disable_heading":"enable","ocean_post_title":"","ocean_post_subheading":"","ocean_post_title_style":"","ocean_post_title_background_color":"","ocean_post_title_background":0,"ocean_post_title_bg_image_position":"","ocean_post_title_bg_image_attachment":"","ocean_post_title_bg_image_repeat":"","ocean_post_title_bg_image_size":"","ocean_post_title_height":0,"ocean_post_title_bg_overlay":0.5,"ocean_post_title_bg_overlay_color":"","ocean_disable_breadcrumbs":"off","ocean_breadcrumbs_color":"","ocean_breadcrumbs_separator_color":"","ocean_breadcrumbs_links_color":"","ocean_breadcrumbs_links_hover_color":"","ocean_display_footer_widgets":"on","ocean_display_footer_bottom":"on","ocean_custom_footer_template":"0","footnotes":""},"class_list":["post-178","page","type-page","status-publish","hentry","entry"],"_links":{"self":[{"href":"https:\/\/wp2023.waytoharmony.de\/Home\/wp-json\/wp\/v2\/pages\/178","targetHints":{"allow":["GET"]}}],"collection":[{"href":"https:\/\/wp2023.waytoharmony.de\/Home\/wp-json\/wp\/v2\/pages"}],"about":[{"href":"https:\/\/wp2023.waytoharmony.de\/Home\/wp-json\/wp\/v2\/types\/page"}],"author":[{"embeddable":true,"href":"https:\/\/wp2023.waytoharmony.de\/Home\/wp-json\/wp\/v2\/users\/1"}],"replies":[{"embeddable":true,"href":"https:\/\/wp2023.waytoharmony.de\/Home\/wp-json\/wp\/v2\/comments?post=178"}],"version-history":[{"count":10,"href":"https:\/\/wp2023.waytoharmony.de\/Home\/wp-json\/wp\/v2\/pages\/178\/revisions"}],"predecessor-version":[{"id":2430,"href":"https:\/\/wp2023.waytoharmony.de\/Home\/wp-json\/wp\/v2\/pages\/178\/revisions\/2430"}],"wp:attachment":[{"href":"https:\/\/wp2023.waytoharmony.de\/Home\/wp-json\/wp\/v2\/media?parent=178"}],"curies":[{"name":"wp","href":"https:\/\/api.w.org\/{rel}","templated":true}]}}