{"id":10,"date":"2023-03-15T17:15:44","date_gmt":"2023-03-15T16:15:44","guid":{"rendered":"http:\/\/wp2023.waytoharmony.de\/?page_id=10"},"modified":"2025-02-25T17:50:18","modified_gmt":"2025-02-25T16:50:18","slug":"allgemein-herzlich-willkommen-bei-way-to-harmony","status":"publish","type":"page","link":"https:\/\/wp2023.waytoharmony.de\/Home\/","title":{"rendered":"Allgemein &#8211; Herzlich Willkommen bei Way to Harmony!"},"content":{"rendered":"\t\t<div data-elementor-type=\"wp-page\" data-elementor-id=\"10\" class=\"elementor elementor-10\">\n\t\t\t\t\t\t<section class=\"elementor-section elementor-top-section elementor-element elementor-element-3fc53c7a elementor-section-boxed elementor-section-height-default elementor-section-height-default\" data-id=\"3fc53c7a\" data-element_type=\"section\" data-e-type=\"section\">\n\t\t\t\t\t\t<div class=\"elementor-container elementor-column-gap-default\">\n\t\t\t\t\t<div class=\"elementor-column elementor-col-100 elementor-top-column elementor-element elementor-element-2ae801d5\" data-id=\"2ae801d5\" data-element_type=\"column\" data-e-type=\"column\">\n\t\t\t<div class=\"elementor-widget-wrap elementor-element-populated\">\n\t\t\t\t\t\t<div class=\"elementor-element elementor-element-fb1bdb2 elementor-widget elementor-widget-image\" data-id=\"fb1bdb2\" data-element_type=\"widget\" data-e-type=\"widget\" data-widget_type=\"image.default\">\n\t\t\t\t<div class=\"elementor-widget-container\">\n\t\t\t\t\t\t\t\t\t\t\t\t\t\t\t<img decoding=\"async\" src=\"https:\/\/wp2023.waytoharmony.de\/wp-content\/uploads\/2025\/02\/01-Hauptlogo-2.png\" title=\"01 &#8211; Hauptlogo\" alt=\"01 - Hauptlogo\" loading=\"lazy\" \/>\t\t\t\t\t\t\t\t\t\t\t\t\t\t\t<\/div>\n\t\t\t\t<\/div>\n\t\t\t\t\t<\/div>\n\t\t<\/div>\n\t\t\t\t\t<\/div>\n\t\t<\/section>\n\t\t\t\t<section class=\"elementor-section elementor-top-section elementor-element elementor-element-ee4b9ed elementor-section-boxed elementor-section-height-default elementor-section-height-default\" data-id=\"ee4b9ed\" data-element_type=\"section\" data-e-type=\"section\">\n\t\t\t\t\t\t<div class=\"elementor-container elementor-column-gap-default\">\n\t\t\t\t\t<div class=\"elementor-column elementor-col-100 elementor-top-column elementor-element elementor-element-fd7d8e2\" data-id=\"fd7d8e2\" data-element_type=\"column\" data-e-type=\"column\">\n\t\t\t<div class=\"elementor-widget-wrap elementor-element-populated\">\n\t\t\t\t\t\t<div class=\"elementor-element elementor-element-ce8b948 elementor-widget elementor-widget-heading\" data-id=\"ce8b948\" data-element_type=\"widget\" data-e-type=\"widget\" data-widget_type=\"heading.default\">\n\t\t\t\t<div class=\"elementor-widget-container\">\n\t\t\t\t\t<h1 class=\"elementor-heading-title elementor-size-default\">Herzlich Willkommen bei Way to Harmony!<\/h1>\t\t\t\t<\/div>\n\t\t\t\t<\/div>\n\t\t\t\t\t<\/div>\n\t\t<\/div>\n\t\t\t\t\t<\/div>\n\t\t<\/section>\n\t\t\t\t<section class=\"elementor-section elementor-top-section elementor-element elementor-element-aa4ad98 elementor-section-boxed elementor-section-height-default elementor-section-height-default\" data-id=\"aa4ad98\" data-element_type=\"section\" data-e-type=\"section\">\n\t\t\t\t\t\t<div class=\"elementor-container elementor-column-gap-default\">\n\t\t\t\t\t<div class=\"elementor-column elementor-col-100 elementor-top-column elementor-element elementor-element-dac0917\" data-id=\"dac0917\" data-element_type=\"column\" data-e-type=\"column\">\n\t\t\t<div class=\"elementor-widget-wrap elementor-element-populated\">\n\t\t\t\t\t\t<div class=\"elementor-element elementor-element-91eb4a1 elementor-widget elementor-widget-text-editor\" data-id=\"91eb4a1\" data-element_type=\"widget\" data-e-type=\"widget\" data-widget_type=\"text-editor.default\">\n\t\t\t\t<div class=\"elementor-widget-container\">\n\t\t\t\t\t\t\t\t\t<h2>Gesundheitspraktische Lebensberatung, Lebensraumgestaltung und Seminare zur Pers\u00f6nlichkeitsentwicklung<\/h2>\t\t\t\t\t\t\t\t<\/div>\n\t\t\t\t<\/div>\n\t\t\t\t\t<\/div>\n\t\t<\/div>\n\t\t\t\t\t<\/div>\n\t\t<\/section>\n\t\t\t\t<section class=\"elementor-section elementor-top-section elementor-element elementor-element-aff9256 elementor-section-boxed elementor-section-height-default elementor-section-height-default\" data-id=\"aff9256\" data-element_type=\"section\" data-e-type=\"section\">\n\t\t\t\t\t\t<div class=\"elementor-container elementor-column-gap-default\">\n\t\t\t\t\t<div class=\"elementor-column elementor-col-33 elementor-top-column elementor-element elementor-element-a297a7a\" data-id=\"a297a7a\" data-element_type=\"column\" data-e-type=\"column\">\n\t\t\t<div class=\"elementor-widget-wrap elementor-element-populated\">\n\t\t\t\t\t\t<div class=\"elementor-element elementor-element-2cbc739 elementor-widget__width-initial elementor-widget elementor-widget-image\" data-id=\"2cbc739\" data-element_type=\"widget\" data-e-type=\"widget\" data-widget_type=\"image.default\">\n\t\t\t\t<div class=\"elementor-widget-container\">\n\t\t\t\t\t\t\t\t\t\t\t\t<figure class=\"wp-caption\">\n\t\t\t\t\t\t\t\t\t\t<img fetchpriority=\"high\" decoding=\"async\" width=\"200\" height=\"300\" src=\"https:\/\/wp2023.waytoharmony.de\/wp-content\/uploads\/2023\/03\/Mathias.jpg\" class=\"attachment-large size-large wp-image-11\" alt=\"\" \/>\t\t\t\t\t\t\t\t\t\t\t<figcaption class=\"widget-image-caption wp-caption-text\">Mathias Geu\u00df<\/figcaption>\n\t\t\t\t\t\t\t\t\t\t<\/figure>\n\t\t\t\t\t\t\t\t\t<\/div>\n\t\t\t\t<\/div>\n\t\t\t\t\t<\/div>\n\t\t<\/div>\n\t\t\t\t<div class=\"elementor-column elementor-col-66 elementor-top-column elementor-element elementor-element-ae41160\" data-id=\"ae41160\" data-element_type=\"column\" data-e-type=\"column\">\n\t\t\t<div class=\"elementor-widget-wrap elementor-element-populated\">\n\t\t\t\t\t\t<div class=\"elementor-element elementor-element-88f876c elementor-widget__width-initial elementor-widget elementor-widget-text-editor\" data-id=\"88f876c\" data-element_type=\"widget\" data-e-type=\"widget\" data-widget_type=\"text-editor.default\">\n\t\t\t\t<div class=\"elementor-widget-container\">\n\t\t\t\t\t\t\t\t\t<h3><strong>Sie wollen L\u00f6sungen f\u00fcr die Bereiche in Ihrem Leben, in denen Sie unzufrieden sind?<\/strong><\/h3>\n<h3><strong style=\"font-size: 18px;\">Sie wollen L\u00f6sungen die Sie bei der Gesundung Ihres K\u00f6rpers unterst\u00fctzen?<\/strong><\/h3>\n<h3><strong style=\"font-size: 18px;\">Sie wollen L\u00f6sungen f\u00fcr Ihre Probleme in seelischen, mentalen, gef\u00fchlsm\u00e4\u00dfigen und k\u00f6rperlichen Bereichen?<\/strong><\/h3>\n<h3><strong style=\"font-size: 18px;\">Sie wollen L\u00f6sungen f\u00fcr eine harmonische Raumgestaltung?<\/strong><\/h3>\n<h3><strong style=\"font-size: 18px;\">Sie wollen L\u00f6sungen die Sie beim Abnehmen und beim Rauchen aufh\u00f6ren unterst\u00fctzen?<\/strong><\/h3>\n<h3><strong style=\"font-size: 18px;\">Sie m\u00f6chten Werkzeuge kennen lernen,<\/strong><strong style=\"font-size: 18px;\">\u00a0um selber an L\u00f6sungen zu Ihren Problemen zu kommen?<\/strong><\/h3>\t\t\t\t\t\t\t\t<\/div>\n\t\t\t\t<\/div>\n\t\t\t\t\t<\/div>\n\t\t<\/div>\n\t\t\t\t\t<\/div>\n\t\t<\/section>\n\t\t\t\t<section class=\"elementor-section elementor-top-section elementor-element elementor-element-e51d635 elementor-section-boxed elementor-section-height-default elementor-section-height-default\" data-id=\"e51d635\" data-element_type=\"section\" data-e-type=\"section\">\n\t\t\t\t\t\t<div class=\"elementor-container elementor-column-gap-default\">\n\t\t\t\t\t<div class=\"elementor-column elementor-col-100 elementor-top-column elementor-element elementor-element-37cd30b\" data-id=\"37cd30b\" data-element_type=\"column\" data-e-type=\"column\">\n\t\t\t<div class=\"elementor-widget-wrap elementor-element-populated\">\n\t\t\t\t\t\t<section class=\"elementor-section elementor-inner-section elementor-element elementor-element-7ef01cb elementor-section-boxed elementor-section-height-default elementor-section-height-default\" data-id=\"7ef01cb\" data-element_type=\"section\" data-e-type=\"section\">\n\t\t\t\t\t\t<div class=\"elementor-container elementor-column-gap-default\">\n\t\t\t\t\t<div class=\"elementor-column elementor-col-50 elementor-inner-column elementor-element elementor-element-2923290\" data-id=\"2923290\" data-element_type=\"column\" data-e-type=\"column\">\n\t\t\t<div class=\"elementor-widget-wrap elementor-element-populated\">\n\t\t\t\t\t\t<div class=\"elementor-element elementor-element-66f9685 elementor-widget elementor-widget-text-editor\" data-id=\"66f9685\" data-element_type=\"widget\" data-e-type=\"widget\" data-widget_type=\"text-editor.default\">\n\t\t\t\t<div class=\"elementor-widget-container\">\n\t\t\t\t\t\t\t\t\t<p>Schauen Sie, wie ich vorgehe um L\u00f6sungen herbeizuf\u00fchren, und dann entscheiden Sie, ob Sie mit mir arbeiten m\u00f6chten.<\/p><p>Ich biete Ihnen eine ganzheitliche Palette an, um Sie auf allen Ebenen zu unterst\u00fctzen, damit Sie ein gesundes, erfolgreiches und gl\u00fcckliches Leben f\u00fchren k\u00f6nnen.<\/p><p>Im \u00c4u\u00dferen erfolgt dieses durch die Gestaltung ihrer unmittelbaren Umgebung nach Feng Shui.<\/p><p>Um zwischenmenschliche und eigene Probleme, die sich auch auf k\u00f6rperlicher Ebene bemerkbar machen k\u00f6nnen zu l\u00f6sen, biete ich Ihnen eine Vitalisierung und Ausgleichung mit Reiki an. Dar\u00fcber hinaus f\u00f6rdere ich Ihre Selbsterkenntnis durch Impulse bei Gespr\u00e4chseinheiten mit verschiedenen Techniken.Mit der 2-Punkt-Sitzung oder der Aura-Body-Balance-Technik k\u00f6nnen Sie weg kommen, von Themen, die Sie belasten. Diese Art der Energiearbeit f\u00f6rdert wiederum die Selbstgesundungskr\u00e4fte, wenn Sie es erlauben. Ihre Vitalkr\u00e4fte werden aktiviert und eine ausgleichende Harmonie stellt sich ein.<\/p><p>Mit Hypnose kann ich Sie beim Abnehmen oder bei Ihrem Wunsch, mit dem Rauchen aufzuh\u00f6ren, unterst\u00fctzen.<\/p><p>Durch Seminare, Workshops und Vortr\u00e4ge\u00a0haben Sie die M\u00f6glichkeit sich mit neuen und interessanten Themen zu besch\u00e4ftigen und so selbstst\u00e4ndig Ihr Leben frei zu gestalten.<\/p>\t\t\t\t\t\t\t\t<\/div>\n\t\t\t\t<\/div>\n\t\t\t\t\t<\/div>\n\t\t<\/div>\n\t\t\t\t<div class=\"elementor-column elementor-col-50 elementor-inner-column elementor-element elementor-element-11c21b3\" data-id=\"11c21b3\" data-element_type=\"column\" data-e-type=\"column\">\n\t\t\t<div class=\"elementor-widget-wrap elementor-element-populated\">\n\t\t\t\t\t\t<div class=\"elementor-element elementor-element-66baeff elementor-widget elementor-widget-image\" data-id=\"66baeff\" data-element_type=\"widget\" data-e-type=\"widget\" data-widget_type=\"image.default\">\n\t\t\t\t<div class=\"elementor-widget-container\">\n\t\t\t\t\t\t\t\t\t\t\t\t\t\t\t<img decoding=\"async\" width=\"1024\" height=\"973\" src=\"https:\/\/wp2023.waytoharmony.de\/wp-content\/uploads\/2023\/05\/startseite-1024x973.jpg\" class=\"attachment-large size-large wp-image-1730\" alt=\"\" srcset=\"https:\/\/wp2023.waytoharmony.de\/wp-content\/uploads\/2023\/05\/startseite-1024x973.jpg 1024w, https:\/\/wp2023.waytoharmony.de\/wp-content\/uploads\/2023\/05\/startseite-300x285.jpg 300w, https:\/\/wp2023.waytoharmony.de\/wp-content\/uploads\/2023\/05\/startseite-768x730.jpg 768w, https:\/\/wp2023.waytoharmony.de\/wp-content\/uploads\/2023\/05\/startseite.jpg 1073w\" sizes=\"(max-width: 1024px) 100vw, 1024px\" \/>\t\t\t\t\t\t\t\t\t\t\t\t\t\t\t<\/div>\n\t\t\t\t<\/div>\n\t\t\t\t\t<\/div>\n\t\t<\/div>\n\t\t\t\t\t<\/div>\n\t\t<\/section>\n\t\t\t\t\t<\/div>\n\t\t<\/div>\n\t\t\t\t\t<\/div>\n\t\t<\/section>\n\t\t\t\t<\/div>\n\t\t","protected":false},"excerpt":{"rendered":"<p>Herzlich Willkommen bei Way to Harmony! Gesundheitspraktische Lebensberatung, Lebensraumgestaltung und Seminare zur Pers\u00f6nlichkeitsentwicklung Mathias Geu\u00df Sie wollen L\u00f6sungen f\u00fcr die Bereiche in Ihrem Leben, in denen Sie unzufrieden sind? Sie [&hellip;]<\/p>\n","protected":false},"author":1,"featured_media":0,"parent":0,"menu_order":0,"comment_status":"closed","ping_status":"closed","template":"","meta":{"ocean_post_layout":"full-screen","ocean_both_sidebars_style":"","ocean_both_sidebars_content_width":0,"ocean_both_sidebars_sidebars_width":0,"ocean_sidebar":"0","ocean_second_sidebar":"0","ocean_disable_margins":"on","ocean_add_body_class":"","ocean_shortcode_before_top_bar":"","ocean_shortcode_after_top_bar":"","ocean_shortcode_before_header":"","ocean_shortcode_after_header":"","ocean_has_shortcode":"","ocean_shortcode_after_title":"","ocean_shortcode_before_footer_widgets":"","ocean_shortcode_after_footer_widgets":"","ocean_shortcode_before_footer_bottom":"","ocean_shortcode_after_footer_bottom":"","ocean_display_top_bar":"on","ocean_display_header":"off","ocean_header_style":"","ocean_center_header_left_menu":"0","ocean_custom_header_template":"0","ocean_custom_logo":55,"ocean_custom_retina_logo":0,"ocean_custom_logo_max_width":0,"ocean_custom_logo_tablet_max_width":0,"ocean_custom_logo_mobile_max_width":0,"ocean_custom_logo_max_height":0,"ocean_custom_logo_tablet_max_height":0,"ocean_custom_logo_mobile_max_height":0,"ocean_header_custom_menu":"0","ocean_menu_typo_font_family":"0","ocean_menu_typo_font_subset":"","ocean_menu_typo_font_size":0,"ocean_menu_typo_font_size_tablet":0,"ocean_menu_typo_font_size_mobile":0,"ocean_menu_typo_font_size_unit":"px","ocean_menu_typo_font_weight":"","ocean_menu_typo_font_weight_tablet":"","ocean_menu_typo_font_weight_mobile":"","ocean_menu_typo_transform":"","ocean_menu_typo_transform_tablet":"","ocean_menu_typo_transform_mobile":"","ocean_menu_typo_line_height":0,"ocean_menu_typo_line_height_tablet":0,"ocean_menu_typo_line_height_mobile":0,"ocean_menu_typo_line_height_unit":"","ocean_menu_typo_spacing":0,"ocean_menu_typo_spacing_tablet":0,"ocean_menu_typo_spacing_mobile":0,"ocean_menu_typo_spacing_unit":"","ocean_menu_link_color":"","ocean_menu_link_color_hover":"","ocean_menu_link_color_active":"","ocean_menu_link_background":"","ocean_menu_link_hover_background":"","ocean_menu_link_active_background":"","ocean_menu_social_links_bg":"","ocean_menu_social_hover_links_bg":"","ocean_menu_social_links_color":"","ocean_menu_social_hover_links_color":"","ocean_disable_title":"on","ocean_disable_heading":"on","ocean_post_title":"","ocean_post_subheading":"","ocean_post_title_style":"","ocean_post_title_background_color":"","ocean_post_title_background":0,"ocean_post_title_bg_image_position":"","ocean_post_title_bg_image_attachment":"","ocean_post_title_bg_image_repeat":"","ocean_post_title_bg_image_size":"","ocean_post_title_height":0,"ocean_post_title_bg_overlay":0.5,"ocean_post_title_bg_overlay_color":"","ocean_disable_breadcrumbs":"default","ocean_breadcrumbs_color":"","ocean_breadcrumbs_separator_color":"","ocean_breadcrumbs_links_color":"","ocean_breadcrumbs_links_hover_color":"","ocean_display_footer_widgets":"default","ocean_display_footer_bottom":"default","ocean_custom_footer_template":"0","footnotes":""},"class_list":["post-10","page","type-page","status-publish","hentry","entry"],"_links":{"self":[{"href":"https:\/\/wp2023.waytoharmony.de\/Home\/wp-json\/wp\/v2\/pages\/10","targetHints":{"allow":["GET"]}}],"collection":[{"href":"https:\/\/wp2023.waytoharmony.de\/Home\/wp-json\/wp\/v2\/pages"}],"about":[{"href":"https:\/\/wp2023.waytoharmony.de\/Home\/wp-json\/wp\/v2\/types\/page"}],"author":[{"embeddable":true,"href":"https:\/\/wp2023.waytoharmony.de\/Home\/wp-json\/wp\/v2\/users\/1"}],"replies":[{"embeddable":true,"href":"https:\/\/wp2023.waytoharmony.de\/Home\/wp-json\/wp\/v2\/comments?post=10"}],"version-history":[{"count":10,"href":"https:\/\/wp2023.waytoharmony.de\/Home\/wp-json\/wp\/v2\/pages\/10\/revisions"}],"predecessor-version":[{"id":2352,"href":"https:\/\/wp2023.waytoharmony.de\/Home\/wp-json\/wp\/v2\/pages\/10\/revisions\/2352"}],"wp:attachment":[{"href":"https:\/\/wp2023.waytoharmony.de\/Home\/wp-json\/wp\/v2\/media?parent=10"}],"curies":[{"name":"wp","href":"https:\/\/api.w.org\/{rel}","templated":true}]}}